{"id":7154,"date":"2020-12-03T16:24:55","date_gmt":"2020-12-03T16:24:55","guid":{"rendered":"https:\/\/www.dinamicaballet.com\/producto\/barra-de-ballet-mobil-doble-daltura-regulable-giselle\/"},"modified":"2024-09-25T12:54:17","modified_gmt":"2024-09-25T11:54:17","slug":"barra-de-ballet-mobil-doble-daltura-regulable-giselle","status":"publish","type":"product","link":"https:\/\/new.dinamicaballet.com\/ca\/producto\/barra-de-ballet-mobil-doble-daltura-regulable-giselle\/","title":{"rendered":"Barra professional doble regulable Giselle"},"content":{"rendered":"<h3>20 altures diferents perqu\u00e8 tothom gaudeixi de la classe<\/h3>\n<p>Amb dues barres situades a 19 cent\u00edmetres de dist\u00e0ncia entre elles i 10 posicions ajustables, la Giselle \u00e9s una barra de gran versatilitat. L\u2019altura de la Giselle es fixa amb facilitat, la qual cosa permet canvis r\u00e0pids per adaptar-se a diferents persones i exercicis. En qualsevol de les seves posicions, la Giselle mant\u00e9 la seva estabilitat i rendiment. El disseny exclusiu dels suports dobles de Dinamica Ballet distribueix la pressi\u00f3 que exerceix el ballar\u00ed sobre les barres de fusta. La gran estabilitat del conjunt permet a ballarines d\u2019edats i al\u00e7ades diverses practicar alhora. Aquesta barra de ballet est\u00e0 disponible amb barres de fusta de 2 i 3 metres.<\/p>\n<h3>Base plana i base amb rodes; dues opcions per treure-hi el m\u00e0xim rendiment<\/h3>\n<p>La Giselle forma part de la nostra gamma de barres de ballet m\u00f2bils professionals. T\u2019oferim dos tipus de bases d\u2019acer: una amb dues rodes i un pes de 20 quilograms, i una altra base plana sense rodes de 10 quilograms cadascuna. La base amb rodes de goma d\u2019alta densitat t\u2019ofereix una gran estabilitat i et permetr\u00e0 traslladar la barra sense esfor\u00e7 inclinant el conjunt 45 graus des d\u2019una posici\u00f3 central.<\/p>\n<p>La base plana est\u00e0 dissenyada perqu\u00e8 puguis moure la barra aixecant tot el conjunt sense recolzar-lo al terra. En tots dos casos, les bases estan equipades amb topalls de goma per evitar qualsevol dany o desperfecte al terra. Si necessites moure sovint la barra de ballet, et recomanem la base amb rodes; si l\u2019has de traslladar ocasionalment, o entre dues persones, la base plana et pot anar b\u00e9. El pes total del conjunt amb la base amb rodes equipada amb barra de fusta de 2 metres \u00e9s de 53 quilograms. El pes del conjunt amb bases planes sense rodes \u00e9s de 34 quilograms.<\/p>\n<h3>Constru\u00efda amb els millors materials per treballar durant hores i hores<\/h3>\n<p>Les nostres barres de fusta de pi melis de boscos sostenibles s\u00f3n resistents i aporten una lleugera flexibilitat ideal per a exercicis avan\u00e7ats. La fusta perfectament polida i sense envernissar aporta un tacte agradable, una subjecci\u00f3 \u00f2ptima i una bellesa org\u00e0nica per gaudir al m\u00e0xim de la pr\u00e0ctica. Els suports subjecten amb total fermesa les barres de fusta sense la necessitat de fer-hi forats, la qual cosa assegura milers d\u2019hores de pr\u00e0ctica i facilitat de muntatge. Hem fet estudis al Laboratori d\u2019Elasticitat i Resist\u00e8ncia de Materials de la Universitat Polit\u00e8cnica de Barcelona que proven resist\u00e8ncies a forces de fins a gaireb\u00e9 400 quilograms. Les bases i els suports estan constru\u00efts amb acer de primera qualitat, amb un acabat en epoxi platejat que ofereix alta resist\u00e8ncia a cops i ratllades.<\/p>\n<a href=\"https:\/\/new.dinamicaballet.com\/wp-content\/uploads\/2021\/05\/FT-GISELLE-0421-3.pdf\" class=\"su-button su-button-style-default\" style=\"color:#006B7C;background-color:#FFF2D5;border-color:#ccc2ab;border-radius:5px\" target=\"_blank\" rel=\"noopener noreferrer\"><span style=\"color:#006B7C;padding:0px 16px;font-size:13px;line-height:26px;border-color:#fff6e2;border-radius:5px;text-shadow:none\"> Descaregar la fitxa t\u00e8cnica<\/span><\/a> <a href=\"https:\/\/new.dinamicaballet.com\/wp-content\/uploads\/2021\/07\/Instruccions-Giselle.pdf\" class=\"su-button su-button-style-default\" style=\"color:#006B7C;background-color:#FFF2D5;border-color:#ccc2ab;border-radius:5px\" target=\"_blank\" rel=\"noopener noreferrer\"><span style=\"color:#006B7C;padding:0px 16px;font-size:13px;line-height:26px;border-color:#fff6e2;border-radius:5px;text-shadow:none\"> Descarregar instruccions<\/span><\/a>\n<p>&nbsp;<\/p>\n<div class=\"su-youtube su-u-responsive-media-yes\"><iframe loading=\"lazy\" width=\"600\" height=\"400\" src=\"https:\/\/www.youtube.com\/embed\/HhkzgvJWXHY?autohide=2&amp;autoplay=0&amp;mute=1&amp;controls=1&amp;fs=1&amp;loop=0&amp;modestbranding=0&amp;rel=1&amp;showinfo=1&amp;theme=dark&amp;wmode=&amp;playsinline=0\" frameborder=\"0\" allowfullscreen allow=\"autoplay; encrypted-media; picture-in-picture\" title=\"Barra de ballet professional doble regulable Giselle Dinamica Ballet\"><\/iframe><\/div>\n","protected":false},"excerpt":{"rendered":"<p>La Giselle \u00e9s una barra de ballet professional amb suports per a dues barres de fusta i mecanisme de regulaci\u00f3 que et permet treballar amb un rang d\u2019altures de 70 cent\u00edmetres fins als 120 cent\u00edmetres. Hem dissenyat aquesta barra per a un \u00fas professional intensiu amb ballarines i esportistes de qualsevol edat i al\u00e7ada. Amb dos tipus de base a triar, amb rodes o plana, podr\u00e0s traslladar la barra de ballet entre classes amb gran facilitat.<\/p>\n","protected":false},"featured_media":7172,"template":"","meta":{"_editorskit_title_hidden":false,"_editorskit_reading_time":0,"_editorskit_is_block_options_detached":false,"_editorskit_block_options_position":"{}","inline_featured_image":false,"_kad_blocks_custom_css":"","_kad_blocks_head_custom_js":"","_kad_blocks_body_custom_js":"","_kad_blocks_footer_custom_js":""},"product_brand":[],"product_cat":[100,101,104,106],"product_tag":[123],"class_list":{"0":"post-7154","1":"product","2":"type-product","3":"status-publish","4":"has-post-thumbnail","6":"product_cat-barres-mobils","7":"product_cat-barres-regulables","8":"product_cat-dues-barres","9":"product_cat-professional","10":"product_tag-mobil","11":"post","12":"with-featured-image","14":"first","15":"instock","16":"taxable","17":"shipping-taxable","18":"purchasable","19":"product-type-variable"},"yoast_head":"<!-- This site is optimized with the Yoast SEO plugin v27.4 - https:\/\/yoast.com\/product\/yoast-seo-wordpress\/ -->\n<title>Barra de ballet m\u00f2bil doble d\u2019altura regulable Giselle | Botiga online<\/title>\n<meta name=\"description\" content=\"La Giselle \u00e9s una barra de ballet professional amb suports per a dues barres de fusta i mecanisme de regulaci\u00f3\" \/>\n<meta name=\"robots\" content=\"noindex, follow, max-snippet:-1, max-image-preview:large, max-video-preview:-1\" \/>\n<meta property=\"og:locale\" content=\"ca_ES\" \/>\n<meta property=\"og:type\" content=\"article\" \/>\n<meta property=\"og:title\" content=\"Barra de ballet m\u00f2bil doble d\u2019altura regulable Giselle | Botiga online\" \/>\n<meta property=\"og:description\" content=\"La Giselle \u00e9s una barra de ballet professional amb suports per a dues barres de fusta i mecanisme de regulaci\u00f3\" \/>\n<meta property=\"og:url\" content=\"https:\/\/new.dinamicaballet.com\/ca\/producto\/barra-de-ballet-mobil-doble-daltura-regulable-giselle\/\" \/>\n<meta property=\"og:site_name\" content=\"Dinamica Ballet\" \/>\n<meta property=\"article:publisher\" content=\"https:\/\/www.facebook.com\/dinamicaballet\" \/>\n<meta property=\"article:modified_time\" content=\"2024-09-25T11:54:17+00:00\" \/>\n<meta property=\"og:image\" content=\"https:\/\/new.dinamicaballet.com\/wp-content\/uploads\/2020\/12\/dinamica_ballet_shop_giselle_01.jpg\" \/>\n\t<meta property=\"og:image:width\" content=\"600\" \/>\n\t<meta property=\"og:image:height\" content=\"800\" \/>\n\t<meta property=\"og:image:type\" content=\"image\/jpeg\" \/>\n<meta name=\"twitter:card\" content=\"summary_large_image\" \/>\n<meta name=\"twitter:label1\" content=\"Temps estimat de lectura\" \/>\n\t<meta name=\"twitter:data1\" content=\"3 minuts\" \/>\n<script type=\"application\/ld+json\" class=\"yoast-schema-graph\">{\"@context\":\"https:\\\/\\\/schema.org\",\"@graph\":[{\"@type\":\"WebPage\",\"@id\":\"https:\\\/\\\/new.dinamicaballet.com\\\/ca\\\/producto\\\/barra-de-ballet-mobil-doble-daltura-regulable-giselle\\\/\",\"url\":\"https:\\\/\\\/new.dinamicaballet.com\\\/ca\\\/producto\\\/barra-de-ballet-mobil-doble-daltura-regulable-giselle\\\/\",\"name\":\"Barra de ballet m\u00f2bil doble d\u2019altura regulable Giselle | Botiga online\",\"isPartOf\":{\"@id\":\"https:\\\/\\\/new.dinamicaballet.com\\\/ca\\\/#website\"},\"primaryImageOfPage\":{\"@id\":\"https:\\\/\\\/new.dinamicaballet.com\\\/ca\\\/producto\\\/barra-de-ballet-mobil-doble-daltura-regulable-giselle\\\/#primaryimage\"},\"image\":{\"@id\":\"https:\\\/\\\/new.dinamicaballet.com\\\/ca\\\/producto\\\/barra-de-ballet-mobil-doble-daltura-regulable-giselle\\\/#primaryimage\"},\"thumbnailUrl\":\"https:\\\/\\\/new.dinamicaballet.com\\\/wp-content\\\/uploads\\\/2020\\\/12\\\/dinamica_ballet_shop_giselle_01.jpg\",\"datePublished\":\"2020-12-03T16:24:55+00:00\",\"dateModified\":\"2024-09-25T11:54:17+00:00\",\"description\":\"La Giselle \u00e9s una barra de ballet professional amb suports per a dues barres de fusta i mecanisme de regulaci\u00f3\",\"inLanguage\":\"ca\",\"potentialAction\":[{\"@type\":\"ReadAction\",\"target\":[\"https:\\\/\\\/new.dinamicaballet.com\\\/ca\\\/producto\\\/barra-de-ballet-mobil-doble-daltura-regulable-giselle\\\/\"]}]},{\"@type\":\"ImageObject\",\"inLanguage\":\"ca\",\"@id\":\"https:\\\/\\\/new.dinamicaballet.com\\\/ca\\\/producto\\\/barra-de-ballet-mobil-doble-daltura-regulable-giselle\\\/#primaryimage\",\"url\":\"https:\\\/\\\/new.dinamicaballet.com\\\/wp-content\\\/uploads\\\/2020\\\/12\\\/dinamica_ballet_shop_giselle_01.jpg\",\"contentUrl\":\"https:\\\/\\\/new.dinamicaballet.com\\\/wp-content\\\/uploads\\\/2020\\\/12\\\/dinamica_ballet_shop_giselle_01.jpg\",\"width\":600,\"height\":800,\"caption\":\"Barra de ballet m\u00f2bil doble d\u2019altura regulable Giselle\"},{\"@type\":\"WebSite\",\"@id\":\"https:\\\/\\\/new.dinamicaballet.com\\\/ca\\\/#website\",\"url\":\"https:\\\/\\\/new.dinamicaballet.com\\\/ca\\\/\",\"name\":\"Dinamica Ballet\",\"description\":\"Especialistas en barras de ballet y espejos para la danza\",\"publisher\":{\"@id\":\"https:\\\/\\\/new.dinamicaballet.com\\\/ca\\\/#organization\"},\"potentialAction\":[{\"@type\":\"SearchAction\",\"target\":{\"@type\":\"EntryPoint\",\"urlTemplate\":\"https:\\\/\\\/new.dinamicaballet.com\\\/ca\\\/?s={search_term_string}\"},\"query-input\":{\"@type\":\"PropertyValueSpecification\",\"valueRequired\":true,\"valueName\":\"search_term_string\"}}],\"inLanguage\":\"ca\"},{\"@type\":\"Organization\",\"@id\":\"https:\\\/\\\/new.dinamicaballet.com\\\/ca\\\/#organization\",\"name\":\"Dinamica Ballet\",\"url\":\"https:\\\/\\\/new.dinamicaballet.com\\\/ca\\\/\",\"logo\":{\"@type\":\"ImageObject\",\"inLanguage\":\"ca\",\"@id\":\"https:\\\/\\\/new.dinamicaballet.com\\\/ca\\\/#\\\/schema\\\/logo\\\/image\\\/\",\"url\":\"https:\\\/\\\/new.dinamicaballet.com\\\/wp-content\\\/uploads\\\/2022\\\/03\\\/logo_dinamica_ballet.svg\",\"contentUrl\":\"https:\\\/\\\/new.dinamicaballet.com\\\/wp-content\\\/uploads\\\/2022\\\/03\\\/logo_dinamica_ballet.svg\",\"width\":284,\"height\":51,\"caption\":\"Dinamica Ballet\"},\"image\":{\"@id\":\"https:\\\/\\\/new.dinamicaballet.com\\\/ca\\\/#\\\/schema\\\/logo\\\/image\\\/\"},\"sameAs\":[\"https:\\\/\\\/www.facebook.com\\\/dinamicaballet\",\"https:\\\/\\\/www.instagram.com\\\/dinamicaballet\\\/\",\"http:\\\/\\\/www.linkedin.com\\\/company\\\/dinamica-ballet\",\"https:\\\/\\\/www.pinterest.com\\\/DinamicaBallet\\\/\"]}]}<\/script>\n<!-- \/ Yoast SEO plugin. -->","yoast_head_json":{"title":"Barra de ballet m\u00f2bil doble d\u2019altura regulable Giselle | Botiga online","description":"La Giselle \u00e9s una barra de ballet professional amb suports per a dues barres de fusta i mecanisme de regulaci\u00f3","robots":{"index":"noindex","follow":"follow","max-snippet":"max-snippet:-1","max-image-preview":"max-image-preview:large","max-video-preview":"max-video-preview:-1"},"og_locale":"ca_ES","og_type":"article","og_title":"Barra de ballet m\u00f2bil doble d\u2019altura regulable Giselle | Botiga online","og_description":"La Giselle \u00e9s una barra de ballet professional amb suports per a dues barres de fusta i mecanisme de regulaci\u00f3","og_url":"https:\/\/new.dinamicaballet.com\/ca\/producto\/barra-de-ballet-mobil-doble-daltura-regulable-giselle\/","og_site_name":"Dinamica Ballet","article_publisher":"https:\/\/www.facebook.com\/dinamicaballet","article_modified_time":"2024-09-25T11:54:17+00:00","og_image":[{"width":600,"height":800,"url":"https:\/\/new.dinamicaballet.com\/wp-content\/uploads\/2020\/12\/dinamica_ballet_shop_giselle_01.jpg","type":"image\/jpeg"}],"twitter_card":"summary_large_image","twitter_misc":{"Temps estimat de lectura":"3 minuts"},"schema":{"@context":"https:\/\/schema.org","@graph":[{"@type":"WebPage","@id":"https:\/\/new.dinamicaballet.com\/ca\/producto\/barra-de-ballet-mobil-doble-daltura-regulable-giselle\/","url":"https:\/\/new.dinamicaballet.com\/ca\/producto\/barra-de-ballet-mobil-doble-daltura-regulable-giselle\/","name":"Barra de ballet m\u00f2bil doble d\u2019altura regulable Giselle | Botiga online","isPartOf":{"@id":"https:\/\/new.dinamicaballet.com\/ca\/#website"},"primaryImageOfPage":{"@id":"https:\/\/new.dinamicaballet.com\/ca\/producto\/barra-de-ballet-mobil-doble-daltura-regulable-giselle\/#primaryimage"},"image":{"@id":"https:\/\/new.dinamicaballet.com\/ca\/producto\/barra-de-ballet-mobil-doble-daltura-regulable-giselle\/#primaryimage"},"thumbnailUrl":"https:\/\/new.dinamicaballet.com\/wp-content\/uploads\/2020\/12\/dinamica_ballet_shop_giselle_01.jpg","datePublished":"2020-12-03T16:24:55+00:00","dateModified":"2024-09-25T11:54:17+00:00","description":"La Giselle \u00e9s una barra de ballet professional amb suports per a dues barres de fusta i mecanisme de regulaci\u00f3","inLanguage":"ca","potentialAction":[{"@type":"ReadAction","target":["https:\/\/new.dinamicaballet.com\/ca\/producto\/barra-de-ballet-mobil-doble-daltura-regulable-giselle\/"]}]},{"@type":"ImageObject","inLanguage":"ca","@id":"https:\/\/new.dinamicaballet.com\/ca\/producto\/barra-de-ballet-mobil-doble-daltura-regulable-giselle\/#primaryimage","url":"https:\/\/new.dinamicaballet.com\/wp-content\/uploads\/2020\/12\/dinamica_ballet_shop_giselle_01.jpg","contentUrl":"https:\/\/new.dinamicaballet.com\/wp-content\/uploads\/2020\/12\/dinamica_ballet_shop_giselle_01.jpg","width":600,"height":800,"caption":"Barra de ballet m\u00f2bil doble d\u2019altura regulable Giselle"},{"@type":"WebSite","@id":"https:\/\/new.dinamicaballet.com\/ca\/#website","url":"https:\/\/new.dinamicaballet.com\/ca\/","name":"Dinamica Ballet","description":"Especialistas en barras de ballet y espejos para la danza","publisher":{"@id":"https:\/\/new.dinamicaballet.com\/ca\/#organization"},"potentialAction":[{"@type":"SearchAction","target":{"@type":"EntryPoint","urlTemplate":"https:\/\/new.dinamicaballet.com\/ca\/?s={search_term_string}"},"query-input":{"@type":"PropertyValueSpecification","valueRequired":true,"valueName":"search_term_string"}}],"inLanguage":"ca"},{"@type":"Organization","@id":"https:\/\/new.dinamicaballet.com\/ca\/#organization","name":"Dinamica Ballet","url":"https:\/\/new.dinamicaballet.com\/ca\/","logo":{"@type":"ImageObject","inLanguage":"ca","@id":"https:\/\/new.dinamicaballet.com\/ca\/#\/schema\/logo\/image\/","url":"https:\/\/new.dinamicaballet.com\/wp-content\/uploads\/2022\/03\/logo_dinamica_ballet.svg","contentUrl":"https:\/\/new.dinamicaballet.com\/wp-content\/uploads\/2022\/03\/logo_dinamica_ballet.svg","width":284,"height":51,"caption":"Dinamica Ballet"},"image":{"@id":"https:\/\/new.dinamicaballet.com\/ca\/#\/schema\/logo\/image\/"},"sameAs":["https:\/\/www.facebook.com\/dinamicaballet","https:\/\/www.instagram.com\/dinamicaballet\/","http:\/\/www.linkedin.com\/company\/dinamica-ballet","https:\/\/www.pinterest.com\/DinamicaBallet\/"]}]}},"taxonomy_info":{"product_cat":[{"value":100,"label":"Barres m\u00f2bils"},{"value":101,"label":"Barres regulables"},{"value":104,"label":"Dues barres"},{"value":106,"label":"Professional"}],"product_tag":[{"value":123,"label":"m\u00f2bil"}]},"featured_image_src_large":["https:\/\/new.dinamicaballet.com\/wp-content\/uploads\/2020\/12\/dinamica_ballet_shop_giselle_01.jpg",600,800,false],"author_info":[],"comment_info":"","_links":{"self":[{"href":"https:\/\/new.dinamicaballet.com\/ca\/wp-json\/wp\/v2\/product\/7154","targetHints":{"allow":["GET"]}}],"collection":[{"href":"https:\/\/new.dinamicaballet.com\/ca\/wp-json\/wp\/v2\/product"}],"about":[{"href":"https:\/\/new.dinamicaballet.com\/ca\/wp-json\/wp\/v2\/types\/product"}],"wp:featuredmedia":[{"embeddable":true,"href":"https:\/\/new.dinamicaballet.com\/ca\/wp-json\/wp\/v2\/media\/7172"}],"wp:attachment":[{"href":"https:\/\/new.dinamicaballet.com\/ca\/wp-json\/wp\/v2\/media?parent=7154"}],"wp:term":[{"taxonomy":"product_brand","embeddable":true,"href":"https:\/\/new.dinamicaballet.com\/ca\/wp-json\/wp\/v2\/product_brand?post=7154"},{"taxonomy":"product_cat","embeddable":true,"href":"https:\/\/new.dinamicaballet.com\/ca\/wp-json\/wp\/v2\/product_cat?post=7154"},{"taxonomy":"product_tag","embeddable":true,"href":"https:\/\/new.dinamicaballet.com\/ca\/wp-json\/wp\/v2\/product_tag?post=7154"}],"curies":[{"name":"wp","href":"https:\/\/api.w.org\/{rel}","templated":true}]}}