{"id":7120,"date":"2020-12-03T16:30:30","date_gmt":"2020-12-03T16:30:30","guid":{"rendered":"https:\/\/www.dinamicaballet.com\/producto\/barra-de-ballet-doble-premium-daltura-regulable-royale\/"},"modified":"2022-03-09T10:00:28","modified_gmt":"2022-03-09T10:00:28","slug":"barra-de-ballet-doble-premium-daltura-regulable-royale","status":"publish","type":"product","link":"https:\/\/new.dinamicaballet.com\/ca\/producto\/barra-de-ballet-doble-premium-daltura-regulable-royale\/","title":{"rendered":"Barra doble pr\u00e8mium regulable Royale"},"content":{"rendered":"<h3><strong>La barra de ballet d\u2019altura regulable m\u00e9s estable que trobar\u00e0s<\/strong><\/h3>\n<p>La Royale \u00e9s una barra de ballet per a professionals de la dansa que busquen conjunts m\u00f2bils de m\u00e0xim rendiment. Les bases, de 30 quilograms de pes cadascuna, estan constru\u00efdes amb ferro colat i porten 4 rodes de goma d\u2019alta densitat que permet a una sola persona despla\u00e7ar la barra de ballet amb comoditat. La base est\u00e0 dissenyada perqu\u00e8 les rodes no toquin el terra quan es practica, la qual cosa genera una fermesa inigualable en una barra de ballet port\u00e0til. Estabilitat total per a alumnes de totes les al\u00e7ades i mobilitat per alliberar el teu espai despr\u00e9s dels escalfaments; la Royale t\u2019ho dona tot.<\/p>\n<h3><strong>M\u00e0xima flexibilitat a l\u2019aula amb ajustos r\u00e0pids d\u2019altura<\/strong><\/h3>\n<p>El soporte doble de Dinamica ballet contiene dos barras de madera situadas a 19 cent\u00edmetros de distancia. Con el regulador de altura podr\u00e1s trabajar con una altura m\u00ednima de 73 cent\u00edmetros y una m\u00e1xima de 123 cent\u00edmetros, as\u00ed que no te preocupes por la altura de los bailarines en tus clases. En cualquiera de sus posiciones la Royale mantiene estabilidad y rendimiento superiores. El dise\u00f1o exclusivo de los soportes dobles de Dinamica Ballet distribuye la presi\u00f3n que ejerce el bailar\u00edn sobre las barras de madera. Esta barra de ballet est\u00e1 disponible con barras de madera de 2 y 3 metros.<\/p>\n<h3><strong>Ferro colat, acer i fusta de pi per a d\u00e8cades de pr\u00e0ctica<\/strong><\/h3>\n<p>Les columnes d\u2019acer tenen un acabat en epoxi platejat que les protegeix de cops i ratllades. Les barres de fusta de pi melis de boscos sostenibles s\u2019han tallat a partir d\u2019una \u00fanica pe\u00e7a i polit acuradament per protegir les teves mans. La fusta \u00e9s un material viu que ofereix gran resist\u00e8ncia amb una lleugera flexibilitat i una subjecci\u00f3 \u00f2ptima de un tacte agradable i c\u00e0lid. Entreguem la columna amb el regulador d\u2019altura i la base ja muntades, aix\u00ed que en pocs minuts podr\u00e0s posar-te a practicar.<\/p>\n<a href=\"https:\/\/new.dinamicaballet.com\/wp-content\/uploads\/2021\/05\/FT-ROYALE-0521-2.pdf\" class=\"su-button su-button-style-default\" style=\"color:#006B7C;background-color:#FFF2D5;border-color:#ccc2ab;border-radius:5px\" target=\"_blank\" rel=\"noopener noreferrer\"><span style=\"color:#006B7C;padding:0px 16px;font-size:13px;line-height:26px;border-color:#fff6e2;border-radius:5px;text-shadow:none\"> Descaregar la fitxa t\u00e8cnica<\/span><\/a> <a href=\"https:\/\/new.dinamicaballet.com\/wp-content\/uploads\/2021\/07\/Instruccions-Royale.pdf\" class=\"su-button su-button-style-default\" style=\"color:#006B7C;background-color:#FFF2D5;border-color:#ccc2ab;border-radius:5px\" target=\"_blank\" rel=\"noopener noreferrer\"><span style=\"color:#006B7C;padding:0px 16px;font-size:13px;line-height:26px;border-color:#fff6e2;border-radius:5px;text-shadow:none\"> Descarregar instruccions<\/span><\/a>\n","protected":false},"excerpt":{"rendered":"<p>Si busques una barra de ballet d\u2019altura regulable amb l\u2019estabilitat d\u2019un conjunt fix, la Royale \u00e9s el model que cerques. Amb un pes total de 76 quilos, els suports dobles per a dues barres i el regulador a 10 altures, la Royale \u00e9s l\u2019eina de treball de les escoles de dansa m\u00e9s exigents.<\/p>\n<p><strong>ENVIAMENT INCL\u00d2S |\u00a0IVA INCL\u00d2S<\/strong><\/p>\n","protected":false},"featured_media":7133,"template":"","meta":{"_editorskit_title_hidden":false,"_editorskit_reading_time":0,"_editorskit_is_block_options_detached":false,"_editorskit_block_options_position":"{}","inline_featured_image":false,"_kad_blocks_custom_css":"","_kad_blocks_head_custom_js":"","_kad_blocks_body_custom_js":"","_kad_blocks_footer_custom_js":""},"product_brand":[],"product_cat":[100,101,104,107],"product_tag":[],"class_list":{"0":"post-7120","1":"product","2":"type-product","3":"status-publish","4":"has-post-thumbnail","6":"product_cat-barres-mobils","7":"product_cat-barres-regulables","8":"product_cat-dues-barres","9":"product_cat-premium-ca","10":"post","11":"with-featured-image","13":"first","14":"instock","15":"taxable","16":"shipping-taxable","17":"purchasable","18":"product-type-variable"},"yoast_head":"<!-- This site is optimized with the Yoast SEO plugin v27.4 - https:\/\/yoast.com\/product\/yoast-seo-wordpress\/ -->\n<title>Barra de ballet doble pr\u00e8mium d\u2019altura regulable Royale | Botiga<\/title>\n<meta name=\"description\" content=\"Si busques una barra de ballet d\u2019altura regulable amb una estabilitat total, la Royale \u00e9s el model que cerques.\" \/>\n<meta name=\"robots\" content=\"noindex, follow, max-snippet:-1, max-image-preview:large, max-video-preview:-1\" \/>\n<meta property=\"og:locale\" content=\"ca_ES\" \/>\n<meta property=\"og:type\" content=\"article\" \/>\n<meta property=\"og:title\" content=\"Barra de ballet doble pr\u00e8mium d\u2019altura regulable Royale | Botiga\" \/>\n<meta property=\"og:description\" content=\"Si busques una barra de ballet d\u2019altura regulable amb una estabilitat total, la Royale \u00e9s el model que cerques.\" \/>\n<meta property=\"og:url\" content=\"https:\/\/new.dinamicaballet.com\/ca\/producto\/barra-de-ballet-doble-premium-daltura-regulable-royale\/\" \/>\n<meta property=\"og:site_name\" content=\"Dinamica Ballet\" \/>\n<meta property=\"article:publisher\" content=\"https:\/\/www.facebook.com\/dinamicaballet\" \/>\n<meta property=\"article:modified_time\" content=\"2022-03-09T10:00:28+00:00\" \/>\n<meta property=\"og:image\" content=\"https:\/\/new.dinamicaballet.com\/wp-content\/uploads\/2020\/12\/dinamica_ballet_shop_royale_01.jpg\" \/>\n\t<meta property=\"og:image:width\" content=\"600\" \/>\n\t<meta property=\"og:image:height\" content=\"800\" \/>\n\t<meta property=\"og:image:type\" content=\"image\/jpeg\" \/>\n<meta name=\"twitter:card\" content=\"summary_large_image\" \/>\n<meta name=\"twitter:label1\" content=\"Temps estimat de lectura\" \/>\n\t<meta name=\"twitter:data1\" content=\"2 minuts\" \/>\n<script type=\"application\/ld+json\" class=\"yoast-schema-graph\">{\"@context\":\"https:\\\/\\\/schema.org\",\"@graph\":[{\"@type\":\"WebPage\",\"@id\":\"https:\\\/\\\/new.dinamicaballet.com\\\/ca\\\/producto\\\/barra-de-ballet-doble-premium-daltura-regulable-royale\\\/\",\"url\":\"https:\\\/\\\/new.dinamicaballet.com\\\/ca\\\/producto\\\/barra-de-ballet-doble-premium-daltura-regulable-royale\\\/\",\"name\":\"Barra de ballet doble pr\u00e8mium d\u2019altura regulable Royale | Botiga\",\"isPartOf\":{\"@id\":\"https:\\\/\\\/new.dinamicaballet.com\\\/ca\\\/#website\"},\"primaryImageOfPage\":{\"@id\":\"https:\\\/\\\/new.dinamicaballet.com\\\/ca\\\/producto\\\/barra-de-ballet-doble-premium-daltura-regulable-royale\\\/#primaryimage\"},\"image\":{\"@id\":\"https:\\\/\\\/new.dinamicaballet.com\\\/ca\\\/producto\\\/barra-de-ballet-doble-premium-daltura-regulable-royale\\\/#primaryimage\"},\"thumbnailUrl\":\"https:\\\/\\\/new.dinamicaballet.com\\\/wp-content\\\/uploads\\\/2020\\\/12\\\/dinamica_ballet_shop_royale_01.jpg\",\"datePublished\":\"2020-12-03T16:30:30+00:00\",\"dateModified\":\"2022-03-09T10:00:28+00:00\",\"description\":\"Si busques una barra de ballet d\u2019altura regulable amb una estabilitat total, la Royale \u00e9s el model que cerques.\",\"inLanguage\":\"ca\",\"potentialAction\":[{\"@type\":\"ReadAction\",\"target\":[\"https:\\\/\\\/new.dinamicaballet.com\\\/ca\\\/producto\\\/barra-de-ballet-doble-premium-daltura-regulable-royale\\\/\"]}]},{\"@type\":\"ImageObject\",\"inLanguage\":\"ca\",\"@id\":\"https:\\\/\\\/new.dinamicaballet.com\\\/ca\\\/producto\\\/barra-de-ballet-doble-premium-daltura-regulable-royale\\\/#primaryimage\",\"url\":\"https:\\\/\\\/new.dinamicaballet.com\\\/wp-content\\\/uploads\\\/2020\\\/12\\\/dinamica_ballet_shop_royale_01.jpg\",\"contentUrl\":\"https:\\\/\\\/new.dinamicaballet.com\\\/wp-content\\\/uploads\\\/2020\\\/12\\\/dinamica_ballet_shop_royale_01.jpg\",\"width\":600,\"height\":800,\"caption\":\"Barra de ballet doble pr\u00e8mium d\u2019altura regulable Royale\"},{\"@type\":\"WebSite\",\"@id\":\"https:\\\/\\\/new.dinamicaballet.com\\\/ca\\\/#website\",\"url\":\"https:\\\/\\\/new.dinamicaballet.com\\\/ca\\\/\",\"name\":\"Dinamica Ballet\",\"description\":\"Especialistas en barras de ballet y espejos para la danza\",\"publisher\":{\"@id\":\"https:\\\/\\\/new.dinamicaballet.com\\\/ca\\\/#organization\"},\"potentialAction\":[{\"@type\":\"SearchAction\",\"target\":{\"@type\":\"EntryPoint\",\"urlTemplate\":\"https:\\\/\\\/new.dinamicaballet.com\\\/ca\\\/?s={search_term_string}\"},\"query-input\":{\"@type\":\"PropertyValueSpecification\",\"valueRequired\":true,\"valueName\":\"search_term_string\"}}],\"inLanguage\":\"ca\"},{\"@type\":\"Organization\",\"@id\":\"https:\\\/\\\/new.dinamicaballet.com\\\/ca\\\/#organization\",\"name\":\"Dinamica Ballet\",\"url\":\"https:\\\/\\\/new.dinamicaballet.com\\\/ca\\\/\",\"logo\":{\"@type\":\"ImageObject\",\"inLanguage\":\"ca\",\"@id\":\"https:\\\/\\\/new.dinamicaballet.com\\\/ca\\\/#\\\/schema\\\/logo\\\/image\\\/\",\"url\":\"https:\\\/\\\/new.dinamicaballet.com\\\/wp-content\\\/uploads\\\/2022\\\/03\\\/logo_dinamica_ballet.svg\",\"contentUrl\":\"https:\\\/\\\/new.dinamicaballet.com\\\/wp-content\\\/uploads\\\/2022\\\/03\\\/logo_dinamica_ballet.svg\",\"width\":284,\"height\":51,\"caption\":\"Dinamica Ballet\"},\"image\":{\"@id\":\"https:\\\/\\\/new.dinamicaballet.com\\\/ca\\\/#\\\/schema\\\/logo\\\/image\\\/\"},\"sameAs\":[\"https:\\\/\\\/www.facebook.com\\\/dinamicaballet\",\"https:\\\/\\\/www.instagram.com\\\/dinamicaballet\\\/\",\"http:\\\/\\\/www.linkedin.com\\\/company\\\/dinamica-ballet\",\"https:\\\/\\\/www.pinterest.com\\\/DinamicaBallet\\\/\"]}]}<\/script>\n<!-- \/ Yoast SEO plugin. -->","yoast_head_json":{"title":"Barra de ballet doble pr\u00e8mium d\u2019altura regulable Royale | Botiga","description":"Si busques una barra de ballet d\u2019altura regulable amb una estabilitat total, la Royale \u00e9s el model que cerques.","robots":{"index":"noindex","follow":"follow","max-snippet":"max-snippet:-1","max-image-preview":"max-image-preview:large","max-video-preview":"max-video-preview:-1"},"og_locale":"ca_ES","og_type":"article","og_title":"Barra de ballet doble pr\u00e8mium d\u2019altura regulable Royale | Botiga","og_description":"Si busques una barra de ballet d\u2019altura regulable amb una estabilitat total, la Royale \u00e9s el model que cerques.","og_url":"https:\/\/new.dinamicaballet.com\/ca\/producto\/barra-de-ballet-doble-premium-daltura-regulable-royale\/","og_site_name":"Dinamica Ballet","article_publisher":"https:\/\/www.facebook.com\/dinamicaballet","article_modified_time":"2022-03-09T10:00:28+00:00","og_image":[{"width":600,"height":800,"url":"https:\/\/new.dinamicaballet.com\/wp-content\/uploads\/2020\/12\/dinamica_ballet_shop_royale_01.jpg","type":"image\/jpeg"}],"twitter_card":"summary_large_image","twitter_misc":{"Temps estimat de lectura":"2 minuts"},"schema":{"@context":"https:\/\/schema.org","@graph":[{"@type":"WebPage","@id":"https:\/\/new.dinamicaballet.com\/ca\/producto\/barra-de-ballet-doble-premium-daltura-regulable-royale\/","url":"https:\/\/new.dinamicaballet.com\/ca\/producto\/barra-de-ballet-doble-premium-daltura-regulable-royale\/","name":"Barra de ballet doble pr\u00e8mium d\u2019altura regulable Royale | Botiga","isPartOf":{"@id":"https:\/\/new.dinamicaballet.com\/ca\/#website"},"primaryImageOfPage":{"@id":"https:\/\/new.dinamicaballet.com\/ca\/producto\/barra-de-ballet-doble-premium-daltura-regulable-royale\/#primaryimage"},"image":{"@id":"https:\/\/new.dinamicaballet.com\/ca\/producto\/barra-de-ballet-doble-premium-daltura-regulable-royale\/#primaryimage"},"thumbnailUrl":"https:\/\/new.dinamicaballet.com\/wp-content\/uploads\/2020\/12\/dinamica_ballet_shop_royale_01.jpg","datePublished":"2020-12-03T16:30:30+00:00","dateModified":"2022-03-09T10:00:28+00:00","description":"Si busques una barra de ballet d\u2019altura regulable amb una estabilitat total, la Royale \u00e9s el model que cerques.","inLanguage":"ca","potentialAction":[{"@type":"ReadAction","target":["https:\/\/new.dinamicaballet.com\/ca\/producto\/barra-de-ballet-doble-premium-daltura-regulable-royale\/"]}]},{"@type":"ImageObject","inLanguage":"ca","@id":"https:\/\/new.dinamicaballet.com\/ca\/producto\/barra-de-ballet-doble-premium-daltura-regulable-royale\/#primaryimage","url":"https:\/\/new.dinamicaballet.com\/wp-content\/uploads\/2020\/12\/dinamica_ballet_shop_royale_01.jpg","contentUrl":"https:\/\/new.dinamicaballet.com\/wp-content\/uploads\/2020\/12\/dinamica_ballet_shop_royale_01.jpg","width":600,"height":800,"caption":"Barra de ballet doble pr\u00e8mium d\u2019altura regulable Royale"},{"@type":"WebSite","@id":"https:\/\/new.dinamicaballet.com\/ca\/#website","url":"https:\/\/new.dinamicaballet.com\/ca\/","name":"Dinamica Ballet","description":"Especialistas en barras de ballet y espejos para la danza","publisher":{"@id":"https:\/\/new.dinamicaballet.com\/ca\/#organization"},"potentialAction":[{"@type":"SearchAction","target":{"@type":"EntryPoint","urlTemplate":"https:\/\/new.dinamicaballet.com\/ca\/?s={search_term_string}"},"query-input":{"@type":"PropertyValueSpecification","valueRequired":true,"valueName":"search_term_string"}}],"inLanguage":"ca"},{"@type":"Organization","@id":"https:\/\/new.dinamicaballet.com\/ca\/#organization","name":"Dinamica Ballet","url":"https:\/\/new.dinamicaballet.com\/ca\/","logo":{"@type":"ImageObject","inLanguage":"ca","@id":"https:\/\/new.dinamicaballet.com\/ca\/#\/schema\/logo\/image\/","url":"https:\/\/new.dinamicaballet.com\/wp-content\/uploads\/2022\/03\/logo_dinamica_ballet.svg","contentUrl":"https:\/\/new.dinamicaballet.com\/wp-content\/uploads\/2022\/03\/logo_dinamica_ballet.svg","width":284,"height":51,"caption":"Dinamica Ballet"},"image":{"@id":"https:\/\/new.dinamicaballet.com\/ca\/#\/schema\/logo\/image\/"},"sameAs":["https:\/\/www.facebook.com\/dinamicaballet","https:\/\/www.instagram.com\/dinamicaballet\/","http:\/\/www.linkedin.com\/company\/dinamica-ballet","https:\/\/www.pinterest.com\/DinamicaBallet\/"]}]}},"taxonomy_info":{"product_cat":[{"value":100,"label":"Barres m\u00f2bils"},{"value":101,"label":"Barres regulables"},{"value":104,"label":"Dues barres"},{"value":107,"label":"Premium"}]},"featured_image_src_large":["https:\/\/new.dinamicaballet.com\/wp-content\/uploads\/2020\/12\/dinamica_ballet_shop_royale_01.jpg",600,800,false],"author_info":[],"comment_info":"","_links":{"self":[{"href":"https:\/\/new.dinamicaballet.com\/ca\/wp-json\/wp\/v2\/product\/7120","targetHints":{"allow":["GET"]}}],"collection":[{"href":"https:\/\/new.dinamicaballet.com\/ca\/wp-json\/wp\/v2\/product"}],"about":[{"href":"https:\/\/new.dinamicaballet.com\/ca\/wp-json\/wp\/v2\/types\/product"}],"wp:featuredmedia":[{"embeddable":true,"href":"https:\/\/new.dinamicaballet.com\/ca\/wp-json\/wp\/v2\/media\/7133"}],"wp:attachment":[{"href":"https:\/\/new.dinamicaballet.com\/ca\/wp-json\/wp\/v2\/media?parent=7120"}],"wp:term":[{"taxonomy":"product_brand","embeddable":true,"href":"https:\/\/new.dinamicaballet.com\/ca\/wp-json\/wp\/v2\/product_brand?post=7120"},{"taxonomy":"product_cat","embeddable":true,"href":"https:\/\/new.dinamicaballet.com\/ca\/wp-json\/wp\/v2\/product_cat?post=7120"},{"taxonomy":"product_tag","embeddable":true,"href":"https:\/\/new.dinamicaballet.com\/ca\/wp-json\/wp\/v2\/product_tag?post=7120"}],"curies":[{"name":"wp","href":"https:\/\/api.w.org\/{rel}","templated":true}]}}