{"id":7109,"date":"2020-12-03T16:30:31","date_gmt":"2020-12-03T16:30:31","guid":{"rendered":"https:\/\/www.dinamicaballet.com\/producto\/juliette-barra-de-ballet-diniciacio-daltura-regulable\/"},"modified":"2024-09-20T10:26:27","modified_gmt":"2024-09-20T09:26:27","slug":"barra-de-ballet-per-casa-daltura-regulable-juliette","status":"publish","type":"product","link":"https:\/\/new.dinamicaballet.com\/ca\/producto\/barra-de-ballet-per-casa-daltura-regulable-juliette\/","title":{"rendered":"Barra de ballet per casa regulable Juliette"},"content":{"rendered":"<h3>Una barra de ballet dissenyada perqu\u00e8 tota la fam\u00edlia balli a casa<\/h3>\n<p>La barra de ballet Juliette es pot ajustar de manera senzilla i r\u00e0pida a 12 altures diferents, amb un recorregut de 33 cent\u00edmetres entre l\u2019altura m\u00e0xima i la m\u00ednima. Dissenyada per a la iniciaci\u00f3 al ballet, la Juliette s\u2019adaptar\u00e0 perfectament als petits i grans de casa. Les seves bases d\u2019acer de 6 quilograms cadascuna aporten l\u2019estabilitat suficient per poder executar exercicis senzills amb total seguretat i estan protegides amb taps de pvc que ofereixen subjecci\u00f3 i no marquen el terra.<\/p>\n<h3>El tacte natural, c\u00e0lid, agradable i prec\u00eds de la fusta de pi melis<\/h3>\n<p>A Dinamica Ballet nom\u00e9s treballem amb les fustes m\u00e9s adequades per a la pr\u00e0ctica del ballet. La Juliette pot utilitzar-se amb barres d\u20191 metre, d\u20191,5 metres i de 2 metres de fusta de pi melis procedents de boscos de gesti\u00f3 sostenible certificada. La fusta \u00e9s un material viu que combina gran resist\u00e8ncia a la pressi\u00f3 amb una lleugera flexibilitat i subjecci\u00f3 \u00f2ptima.<\/p>\n<h3>Podr\u00e0s gaudir de la Juliette en tan sols l\u2019estona de prepar-te un caf\u00e8<\/h3>\n<p>Quan dissenyem els nostres productes, estudiem com podem utilitzar el m\u00ednim nombre de peces possibles pensant en dos objectius: maximitzar la durabilitat dels nostres productes i aconseguir un muntatge f\u00e0cil i r\u00e0pid. Podr\u00e0s muntar la Juliette seguint les instruccions que et proporcionarem en pocs minuts amb l\u2019\u00fanica ajuda d\u2019un tornav\u00eds i la clau Allen inclosa. Pots comprar la Juliette a la nostra botiga en l\u00ednia i te l\u2019enviarem a casa.<\/p>\n<a href=\"https:\/\/new.dinamicaballet.com\/wp-content\/uploads\/2021\/05\/FT-JULIETTE-0521-2.pdf\" class=\"su-button su-button-style-default\" style=\"color:#006B7C;background-color:#FFF2D5;border-color:#ccc2ab;border-radius:5px\" target=\"_blank\" rel=\"noopener noreferrer\"><span style=\"color:#006B7C;padding:0px 16px;font-size:13px;line-height:26px;border-color:#fff6e2;border-radius:5px;text-shadow:none\"> Descaregar la fitxa t\u00e8cnica<\/span><\/a> <a href=\"https:\/\/new.dinamicaballet.com\/wp-content\/uploads\/2021\/03\/Instruccions-Juliette-1.pdf\" class=\"su-button su-button-style-default\" style=\"color:#006B7C;background-color:#FFF2D5;border-color:#ccc2ab;border-radius:5px\" target=\"_blank\" rel=\"noopener noreferrer\"><span style=\"color:#006B7C;padding:0px 16px;font-size:13px;line-height:26px;border-color:#fff6e2;border-radius:5px;text-shadow:none\"> Descarregar instruccions<\/span><\/a>\n<p>&nbsp;<\/p>\n<div class=\"su-youtube su-u-responsive-media-yes\"><iframe loading=\"lazy\" width=\"600\" height=\"400\" src=\"https:\/\/www.youtube.com\/embed\/HPNgsyrm8BE?autohide=2&amp;autoplay=0&amp;mute=1&amp;controls=1&amp;fs=1&amp;loop=0&amp;modestbranding=0&amp;rel=1&amp;showinfo=1&amp;theme=dark&amp;wmode=&amp;playsinline=0\" frameborder=\"0\" allowfullscreen allow=\"autoplay; encrypted-media; picture-in-picture\" title=\"Barra de ballet per casa regulable Juliette | Dinamica Ballet\"><\/iframe><\/div>\n","protected":false},"excerpt":{"rendered":"<p class=\"et_pb_text et_pb_module et_pb_bg_layout_light et_pb_text_align_left resumen et_pb_text_1\">La Juliette \u00e9s una barra de ballet d\u2019altura regulable dissenyada per practicar a casa. \u00c9s una barra lleugera que pots traslladar f\u00e0cilment i que mant\u00e9 un bon grau d\u2019estabilitat per poder fer exercicis d\u2019escalfament amb tranquil\u00b7litat. La Juliette es pot fixar a 12 altures diferents i adaptar-se a mesura que els petits ballarins i ballarines de casa van creixent.<\/p>\n<p class=\"et_pb_text et_pb_module et_pb_bg_layout_light et_pb_text_align_left resumen et_pb_text_1\"><strong>ENVIAMENT GRATU\u00cfT | IVA INCL\u00d2S<\/strong><\/p>\n","protected":false},"featured_media":7116,"template":"","meta":{"_editorskit_title_hidden":false,"_editorskit_reading_time":0,"_editorskit_is_block_options_detached":false,"_editorskit_block_options_position":"{}","inline_featured_image":false,"_kad_blocks_custom_css":"","_kad_blocks_head_custom_js":"","_kad_blocks_body_custom_js":"","_kad_blocks_footer_custom_js":""},"product_brand":[],"product_cat":[100,101,105,103],"product_tag":[123],"class_list":{"0":"post-7109","1":"product","2":"type-product","3":"status-publish","4":"has-post-thumbnail","6":"product_cat-barres-mobils","7":"product_cat-barres-regulables","8":"product_cat-iniciacio-casa","9":"product_cat-una-barra-ca","10":"product_tag-mobil","11":"post","12":"with-featured-image","14":"first","15":"instock","16":"taxable","17":"shipping-taxable","18":"purchasable","19":"product-type-variable"},"yoast_head":"<!-- This site is optimized with the Yoast SEO plugin v27.4 - https:\/\/yoast.com\/product\/yoast-seo-wordpress\/ -->\n<title>Barra de ballet d\u2019iniciaci\u00f3 d\u2019altura regulable Juliette | Botiga online<\/title>\n<meta name=\"description\" content=\"Barra de ballet lleugera que pots traslladar f\u00e0cilment i que mant\u00e9 un bon grau d\u2019estabilitat per poder fer exercicis amb tranquil\u00b7litat.\" \/>\n<meta name=\"robots\" content=\"noindex, follow, max-snippet:-1, max-image-preview:large, max-video-preview:-1\" \/>\n<meta property=\"og:locale\" content=\"ca_ES\" \/>\n<meta property=\"og:type\" content=\"article\" \/>\n<meta property=\"og:title\" content=\"Barra de ballet d\u2019iniciaci\u00f3 d\u2019altura regulable Juliette | Botiga online\" \/>\n<meta property=\"og:description\" content=\"Barra de ballet lleugera que pots traslladar f\u00e0cilment i que mant\u00e9 un bon grau d\u2019estabilitat per poder fer exercicis amb tranquil\u00b7litat.\" \/>\n<meta property=\"og:url\" content=\"https:\/\/new.dinamicaballet.com\/ca\/producto\/barra-de-ballet-per-casa-daltura-regulable-juliette\/\" \/>\n<meta property=\"og:site_name\" content=\"Dinamica Ballet\" \/>\n<meta property=\"article:publisher\" content=\"https:\/\/www.facebook.com\/dinamicaballet\" \/>\n<meta property=\"article:modified_time\" content=\"2024-09-20T09:26:27+00:00\" \/>\n<meta property=\"og:image\" content=\"https:\/\/new.dinamicaballet.com\/wp-content\/uploads\/2020\/12\/dinamica_ballet_shop_juliette_01.jpg\" \/>\n\t<meta property=\"og:image:width\" content=\"600\" \/>\n\t<meta property=\"og:image:height\" content=\"800\" \/>\n\t<meta property=\"og:image:type\" content=\"image\/jpeg\" \/>\n<meta name=\"twitter:card\" content=\"summary_large_image\" \/>\n<meta name=\"twitter:label1\" content=\"Temps estimat de lectura\" \/>\n\t<meta name=\"twitter:data1\" content=\"2 minuts\" \/>\n<script type=\"application\/ld+json\" class=\"yoast-schema-graph\">{\"@context\":\"https:\\\/\\\/schema.org\",\"@graph\":[{\"@type\":\"WebPage\",\"@id\":\"https:\\\/\\\/new.dinamicaballet.com\\\/ca\\\/producto\\\/barra-de-ballet-per-casa-daltura-regulable-juliette\\\/\",\"url\":\"https:\\\/\\\/new.dinamicaballet.com\\\/ca\\\/producto\\\/barra-de-ballet-per-casa-daltura-regulable-juliette\\\/\",\"name\":\"Barra de ballet d\u2019iniciaci\u00f3 d\u2019altura regulable Juliette | Botiga online\",\"isPartOf\":{\"@id\":\"https:\\\/\\\/new.dinamicaballet.com\\\/ca\\\/#website\"},\"primaryImageOfPage\":{\"@id\":\"https:\\\/\\\/new.dinamicaballet.com\\\/ca\\\/producto\\\/barra-de-ballet-per-casa-daltura-regulable-juliette\\\/#primaryimage\"},\"image\":{\"@id\":\"https:\\\/\\\/new.dinamicaballet.com\\\/ca\\\/producto\\\/barra-de-ballet-per-casa-daltura-regulable-juliette\\\/#primaryimage\"},\"thumbnailUrl\":\"https:\\\/\\\/new.dinamicaballet.com\\\/wp-content\\\/uploads\\\/2020\\\/12\\\/dinamica_ballet_shop_juliette_01.jpg\",\"datePublished\":\"2020-12-03T16:30:31+00:00\",\"dateModified\":\"2024-09-20T09:26:27+00:00\",\"description\":\"Barra de ballet lleugera que pots traslladar f\u00e0cilment i que mant\u00e9 un bon grau d\u2019estabilitat per poder fer exercicis amb tranquil\u00b7litat.\",\"inLanguage\":\"ca\",\"potentialAction\":[{\"@type\":\"ReadAction\",\"target\":[\"https:\\\/\\\/new.dinamicaballet.com\\\/ca\\\/producto\\\/barra-de-ballet-per-casa-daltura-regulable-juliette\\\/\"]}]},{\"@type\":\"ImageObject\",\"inLanguage\":\"ca\",\"@id\":\"https:\\\/\\\/new.dinamicaballet.com\\\/ca\\\/producto\\\/barra-de-ballet-per-casa-daltura-regulable-juliette\\\/#primaryimage\",\"url\":\"https:\\\/\\\/new.dinamicaballet.com\\\/wp-content\\\/uploads\\\/2020\\\/12\\\/dinamica_ballet_shop_juliette_01.jpg\",\"contentUrl\":\"https:\\\/\\\/new.dinamicaballet.com\\\/wp-content\\\/uploads\\\/2020\\\/12\\\/dinamica_ballet_shop_juliette_01.jpg\",\"width\":600,\"height\":800,\"caption\":\"Juliette, barra de ballet d\u2019iniciaci\u00f3 d\u2019altura regulable\"},{\"@type\":\"WebSite\",\"@id\":\"https:\\\/\\\/new.dinamicaballet.com\\\/ca\\\/#website\",\"url\":\"https:\\\/\\\/new.dinamicaballet.com\\\/ca\\\/\",\"name\":\"Dinamica Ballet\",\"description\":\"Especialistas en barras de ballet y espejos para la danza\",\"publisher\":{\"@id\":\"https:\\\/\\\/new.dinamicaballet.com\\\/ca\\\/#organization\"},\"potentialAction\":[{\"@type\":\"SearchAction\",\"target\":{\"@type\":\"EntryPoint\",\"urlTemplate\":\"https:\\\/\\\/new.dinamicaballet.com\\\/ca\\\/?s={search_term_string}\"},\"query-input\":{\"@type\":\"PropertyValueSpecification\",\"valueRequired\":true,\"valueName\":\"search_term_string\"}}],\"inLanguage\":\"ca\"},{\"@type\":\"Organization\",\"@id\":\"https:\\\/\\\/new.dinamicaballet.com\\\/ca\\\/#organization\",\"name\":\"Dinamica Ballet\",\"url\":\"https:\\\/\\\/new.dinamicaballet.com\\\/ca\\\/\",\"logo\":{\"@type\":\"ImageObject\",\"inLanguage\":\"ca\",\"@id\":\"https:\\\/\\\/new.dinamicaballet.com\\\/ca\\\/#\\\/schema\\\/logo\\\/image\\\/\",\"url\":\"https:\\\/\\\/new.dinamicaballet.com\\\/wp-content\\\/uploads\\\/2022\\\/03\\\/logo_dinamica_ballet.svg\",\"contentUrl\":\"https:\\\/\\\/new.dinamicaballet.com\\\/wp-content\\\/uploads\\\/2022\\\/03\\\/logo_dinamica_ballet.svg\",\"width\":284,\"height\":51,\"caption\":\"Dinamica Ballet\"},\"image\":{\"@id\":\"https:\\\/\\\/new.dinamicaballet.com\\\/ca\\\/#\\\/schema\\\/logo\\\/image\\\/\"},\"sameAs\":[\"https:\\\/\\\/www.facebook.com\\\/dinamicaballet\",\"https:\\\/\\\/www.instagram.com\\\/dinamicaballet\\\/\",\"http:\\\/\\\/www.linkedin.com\\\/company\\\/dinamica-ballet\",\"https:\\\/\\\/www.pinterest.com\\\/DinamicaBallet\\\/\"]}]}<\/script>\n<!-- \/ Yoast SEO plugin. -->","yoast_head_json":{"title":"Barra de ballet d\u2019iniciaci\u00f3 d\u2019altura regulable Juliette | Botiga online","description":"Barra de ballet lleugera que pots traslladar f\u00e0cilment i que mant\u00e9 un bon grau d\u2019estabilitat per poder fer exercicis amb tranquil\u00b7litat.","robots":{"index":"noindex","follow":"follow","max-snippet":"max-snippet:-1","max-image-preview":"max-image-preview:large","max-video-preview":"max-video-preview:-1"},"og_locale":"ca_ES","og_type":"article","og_title":"Barra de ballet d\u2019iniciaci\u00f3 d\u2019altura regulable Juliette | Botiga online","og_description":"Barra de ballet lleugera que pots traslladar f\u00e0cilment i que mant\u00e9 un bon grau d\u2019estabilitat per poder fer exercicis amb tranquil\u00b7litat.","og_url":"https:\/\/new.dinamicaballet.com\/ca\/producto\/barra-de-ballet-per-casa-daltura-regulable-juliette\/","og_site_name":"Dinamica Ballet","article_publisher":"https:\/\/www.facebook.com\/dinamicaballet","article_modified_time":"2024-09-20T09:26:27+00:00","og_image":[{"width":600,"height":800,"url":"https:\/\/new.dinamicaballet.com\/wp-content\/uploads\/2020\/12\/dinamica_ballet_shop_juliette_01.jpg","type":"image\/jpeg"}],"twitter_card":"summary_large_image","twitter_misc":{"Temps estimat de lectura":"2 minuts"},"schema":{"@context":"https:\/\/schema.org","@graph":[{"@type":"WebPage","@id":"https:\/\/new.dinamicaballet.com\/ca\/producto\/barra-de-ballet-per-casa-daltura-regulable-juliette\/","url":"https:\/\/new.dinamicaballet.com\/ca\/producto\/barra-de-ballet-per-casa-daltura-regulable-juliette\/","name":"Barra de ballet d\u2019iniciaci\u00f3 d\u2019altura regulable Juliette | Botiga online","isPartOf":{"@id":"https:\/\/new.dinamicaballet.com\/ca\/#website"},"primaryImageOfPage":{"@id":"https:\/\/new.dinamicaballet.com\/ca\/producto\/barra-de-ballet-per-casa-daltura-regulable-juliette\/#primaryimage"},"image":{"@id":"https:\/\/new.dinamicaballet.com\/ca\/producto\/barra-de-ballet-per-casa-daltura-regulable-juliette\/#primaryimage"},"thumbnailUrl":"https:\/\/new.dinamicaballet.com\/wp-content\/uploads\/2020\/12\/dinamica_ballet_shop_juliette_01.jpg","datePublished":"2020-12-03T16:30:31+00:00","dateModified":"2024-09-20T09:26:27+00:00","description":"Barra de ballet lleugera que pots traslladar f\u00e0cilment i que mant\u00e9 un bon grau d\u2019estabilitat per poder fer exercicis amb tranquil\u00b7litat.","inLanguage":"ca","potentialAction":[{"@type":"ReadAction","target":["https:\/\/new.dinamicaballet.com\/ca\/producto\/barra-de-ballet-per-casa-daltura-regulable-juliette\/"]}]},{"@type":"ImageObject","inLanguage":"ca","@id":"https:\/\/new.dinamicaballet.com\/ca\/producto\/barra-de-ballet-per-casa-daltura-regulable-juliette\/#primaryimage","url":"https:\/\/new.dinamicaballet.com\/wp-content\/uploads\/2020\/12\/dinamica_ballet_shop_juliette_01.jpg","contentUrl":"https:\/\/new.dinamicaballet.com\/wp-content\/uploads\/2020\/12\/dinamica_ballet_shop_juliette_01.jpg","width":600,"height":800,"caption":"Juliette, barra de ballet d\u2019iniciaci\u00f3 d\u2019altura regulable"},{"@type":"WebSite","@id":"https:\/\/new.dinamicaballet.com\/ca\/#website","url":"https:\/\/new.dinamicaballet.com\/ca\/","name":"Dinamica Ballet","description":"Especialistas en barras de ballet y espejos para la danza","publisher":{"@id":"https:\/\/new.dinamicaballet.com\/ca\/#organization"},"potentialAction":[{"@type":"SearchAction","target":{"@type":"EntryPoint","urlTemplate":"https:\/\/new.dinamicaballet.com\/ca\/?s={search_term_string}"},"query-input":{"@type":"PropertyValueSpecification","valueRequired":true,"valueName":"search_term_string"}}],"inLanguage":"ca"},{"@type":"Organization","@id":"https:\/\/new.dinamicaballet.com\/ca\/#organization","name":"Dinamica Ballet","url":"https:\/\/new.dinamicaballet.com\/ca\/","logo":{"@type":"ImageObject","inLanguage":"ca","@id":"https:\/\/new.dinamicaballet.com\/ca\/#\/schema\/logo\/image\/","url":"https:\/\/new.dinamicaballet.com\/wp-content\/uploads\/2022\/03\/logo_dinamica_ballet.svg","contentUrl":"https:\/\/new.dinamicaballet.com\/wp-content\/uploads\/2022\/03\/logo_dinamica_ballet.svg","width":284,"height":51,"caption":"Dinamica Ballet"},"image":{"@id":"https:\/\/new.dinamicaballet.com\/ca\/#\/schema\/logo\/image\/"},"sameAs":["https:\/\/www.facebook.com\/dinamicaballet","https:\/\/www.instagram.com\/dinamicaballet\/","http:\/\/www.linkedin.com\/company\/dinamica-ballet","https:\/\/www.pinterest.com\/DinamicaBallet\/"]}]}},"taxonomy_info":{"product_cat":[{"value":100,"label":"Barres m\u00f2bils"},{"value":101,"label":"Barres regulables"},{"value":105,"label":"Iniciaci\u00f3\/casa"},{"value":103,"label":"Una barra"}],"product_tag":[{"value":123,"label":"m\u00f2bil"}]},"featured_image_src_large":["https:\/\/new.dinamicaballet.com\/wp-content\/uploads\/2020\/12\/dinamica_ballet_shop_juliette_01.jpg",600,800,false],"author_info":[],"comment_info":"","_links":{"self":[{"href":"https:\/\/new.dinamicaballet.com\/ca\/wp-json\/wp\/v2\/product\/7109","targetHints":{"allow":["GET"]}}],"collection":[{"href":"https:\/\/new.dinamicaballet.com\/ca\/wp-json\/wp\/v2\/product"}],"about":[{"href":"https:\/\/new.dinamicaballet.com\/ca\/wp-json\/wp\/v2\/types\/product"}],"wp:featuredmedia":[{"embeddable":true,"href":"https:\/\/new.dinamicaballet.com\/ca\/wp-json\/wp\/v2\/media\/7116"}],"wp:attachment":[{"href":"https:\/\/new.dinamicaballet.com\/ca\/wp-json\/wp\/v2\/media?parent=7109"}],"wp:term":[{"taxonomy":"product_brand","embeddable":true,"href":"https:\/\/new.dinamicaballet.com\/ca\/wp-json\/wp\/v2\/product_brand?post=7109"},{"taxonomy":"product_cat","embeddable":true,"href":"https:\/\/new.dinamicaballet.com\/ca\/wp-json\/wp\/v2\/product_cat?post=7109"},{"taxonomy":"product_tag","embeddable":true,"href":"https:\/\/new.dinamicaballet.com\/ca\/wp-json\/wp\/v2\/product_tag?post=7109"}],"curies":[{"name":"wp","href":"https:\/\/api.w.org\/{rel}","templated":true}]}}