{"id":69153,"date":"2023-02-07T17:06:07","date_gmt":"2023-02-07T16:06:07","guid":{"rendered":"https:\/\/www.dinamicaballet.com\/?post_type=product&#038;p=69153"},"modified":"2024-09-25T13:44:33","modified_gmt":"2024-09-25T12:44:33","slug":"pack-2-miralls-billy","status":"publish","type":"product","link":"https:\/\/new.dinamicaballet.com\/ca\/producto\/pack-2-miralls-billy\/","title":{"rendered":"Pack de 2 miralls amb rodes Billy"},"content":{"rendered":"<h3><strong>La imatge desitjada per perfeccionar la t\u00e8cnica art\u00edstica<\/strong><\/h3>\n<p>Per millorar la t\u00e8cnica en qualsevol disciplina art\u00edstica o esportiva, un mirall d\u2019alta precisi\u00f3 \u00e9s fonamental. El mirall per a professionals Billy, de 4 mil\u00b7l\u00edmetres de gruix i la m\u00e9s alta qualitat, forma un angle recte exacte amb el terra en tota la seva superf\u00edcie, la qual cosa assegura un reflex perfecte sense deformacions. L\u2019alumne, situat a qualsevol dist\u00e0ncia del mirall, podr\u00e0 observar-se mentre practica la seva disciplina i controlar amb total detall els seus moviments.<\/p>\n<h3><strong>Llibertat del moviment<\/strong><\/h3>\n<p>Les 4 rodes girat\u00f2ries donen llibertat per moure el Billy sense esfor\u00e7. Les bases de ferro de forma c\u00f2ncava distribueixen el pes del mirall en tota la seva estructura maximitzant l\u2019ergonomia i la comoditat en el despla\u00e7ament.<\/p>\n<p>Utilitza l\u2019agafador lateral quan traslladis el Billy per no tacar el mirall, i una vegada en posici\u00f3, utilitza els frens de bloqueig per assegurar-lo en un punt concret. Les rodes de goma d\u2019alta densitat estan dissenyades per cuidar el terra del teu estudi. Amb 47 quilograms de pes total, el Billy \u00e9s un mirall estable i robust que no ratllar\u00e0 ni marcar\u00e0 el terra, encara que sigui de fusta.<\/p>\n<h3><strong>Seguretat i flexibilitat a l\u2019aula <\/strong><\/h3>\n<p>El gruix del mirall, les bases de ferro, els marcs de fusta i la protecci\u00f3 posterior aporten al Billy gran robustesa i un grau de protecci\u00f3 en cas de trencament molt elevat. Malgrat tot, si el mirall reb\u00e9s un fort impacte en el mirall es podria arribar a trencar; per aix\u00f2 apliquem un vinil de seguretat que evita que se\u2019n desprenguin fragments i puguin arribar a ferir alg\u00fa.<\/p>\n<p>La grand\u00e0ria i la forma de la base de ferro estan dissenyades per evitar que el mirall es pugui bolcar accidentalment. Si necessites unir diferents miralls per treballar amb grups i poder crear una superf\u00edcie \u00e0mplia de miralls, ho pots fer amb una pe\u00e7a d\u2019uni\u00f3 en la part superior i inferior del mirall. Fins i tot podr\u00e0s traslladar els miralls mantenint-los units. Si busques un mirall m\u00f2bil d\u2019alta seguretat, el Billy \u00e9s un referent en les arts esc\u00e8niques des de fa molts anys.<\/p>\n<a href=\"https:\/\/new.dinamicaballet.com\/wp-content\/uploads\/2021\/07\/FT-BILLY-0925.pdf\" class=\"su-button su-button-style-default\" style=\"color:#006B7C;background-color:#FFF2D5;border-color:#ccc2ab;border-radius:5px\" target=\"_blank\" rel=\"noopener noreferrer\"><span style=\"color:#006B7C;padding:0px 16px;font-size:13px;line-height:26px;border-color:#fff6e2;border-radius:5px;text-shadow:none\"> Descaregar la fitxa t\u00e8cnica<\/span><\/a> <a href=\"https:\/\/new.dinamicaballet.com\/wp-content\/uploads\/2021\/07\/Instruccions-Billy-4.pdf\" class=\"su-button su-button-style-default\" style=\"color:#006B7C;background-color:#FFF2D5;border-color:#ccc2ab;border-radius:5px\" target=\"_blank\" rel=\"noopener noreferrer\"><span style=\"color:#006B7C;padding:0px 16px;font-size:13px;line-height:26px;border-color:#fff6e2;border-radius:5px;text-shadow:none\"> Descarregar instruccions<\/span><\/a>\n<p>&nbsp;<\/p>\n<div class=\"su-youtube su-u-responsive-media-yes\"><iframe loading=\"lazy\" width=\"600\" height=\"400\" src=\"https:\/\/www.youtube.com\/embed\/jOn_DdhVB7g?autohide=2&amp;autoplay=0&amp;mute=1&amp;controls=1&amp;fs=1&amp;loop=0&amp;modestbranding=0&amp;rel=1&amp;showinfo=1&amp;theme=dark&amp;wmode=&amp;playsinline=0\" frameborder=\"0\" allowfullscreen allow=\"autoplay; encrypted-media; picture-in-picture\" title=\"Billy Dinamica Ballet\"><\/iframe><\/div>\n","protected":false},"excerpt":{"rendered":"<div id=\"et-boc\">\n<div class=\"et_pb_text et_pb_module et_pb_bg_layout_light et_pb_text_align_left resumen et_pb_text_1\">\n<div class=\"et_pb_text_inner\">\n<p>El Billy \u00e9s un mirall de 180 x 100 cent\u00edmetres per a professionals de la dansa i altres arts esc\u00e8niques que ofereix gran flexibilitat a les aules de treball. T\u00e9 un reflex perfecte des de qualsevol angle per poder treballar amb precisi\u00f3 la t\u00e8cnica art\u00edstica. Amb la base c\u00f2ncava i les rodes girat\u00f2ries amb frens de bloqueig, mour\u00e0s amb facilitat el mirall d\u2019un espai a l\u2019altre. El marc de fusta dona seguretat a l\u2019estructura i una est\u00e8tica exquisida.<\/p>\n<p><strong>IVA I TRANSPORT INCLOSOS<\/strong><\/p>\n<\/div>\n<\/div>\n<\/div>\n<p>&nbsp;<\/p>\n","protected":false},"featured_media":69160,"template":"","meta":{"_editorskit_title_hidden":false,"_editorskit_reading_time":0,"_editorskit_is_block_options_detached":false,"_editorskit_block_options_position":"{}","inline_featured_image":false,"_kad_blocks_custom_css":"","_kad_blocks_head_custom_js":"","_kad_blocks_body_custom_js":"","_kad_blocks_footer_custom_js":""},"product_brand":[],"product_cat":[102],"product_tag":[],"class_list":{"0":"post-69153","1":"product","2":"type-product","3":"status-publish","4":"has-post-thumbnail","6":"product_cat-miralls","7":"post","8":"with-featured-image","10":"first","11":"instock","12":"sold-individually","13":"taxable","14":"shipping-taxable","15":"purchasable","16":"product-type-simple"},"yoast_head":"<!-- This site is optimized with the Yoast SEO plugin v27.4 - https:\/\/yoast.com\/product\/yoast-seo-wordpress\/ -->\n<title>Pack de dos miralls de dansa amb rodes Billy | Dinamica Ballet<\/title>\n<meta name=\"description\" content=\"Compra dos miralls amb rodes Billy d&#039;alta seguretat amb rodes per a professionals i un reflex perfecte que ofereix gran flexibilitat a les aules.\" \/>\n<meta name=\"robots\" content=\"noindex, follow, max-snippet:-1, max-image-preview:large, max-video-preview:-1\" \/>\n<meta property=\"og:locale\" content=\"ca_ES\" \/>\n<meta property=\"og:type\" content=\"article\" \/>\n<meta property=\"og:title\" content=\"Pack de dos miralls de dansa amb rodes Billy | Dinamica Ballet\" \/>\n<meta property=\"og:description\" content=\"Compra dos miralls amb rodes Billy d&#039;alta seguretat amb rodes per a professionals i un reflex perfecte que ofereix gran flexibilitat a les aules.\" \/>\n<meta property=\"og:url\" content=\"https:\/\/new.dinamicaballet.com\/ca\/producto\/pack-2-miralls-billy\/\" \/>\n<meta property=\"og:site_name\" content=\"Dinamica Ballet\" \/>\n<meta property=\"article:publisher\" content=\"https:\/\/www.facebook.com\/dinamicaballet\" \/>\n<meta property=\"article:modified_time\" content=\"2024-09-25T12:44:33+00:00\" \/>\n<meta property=\"og:image\" content=\"https:\/\/new.dinamicaballet.com\/wp-content\/uploads\/2023\/02\/Pack-2-Billy.png\" \/>\n\t<meta property=\"og:image:width\" content=\"600\" \/>\n\t<meta property=\"og:image:height\" content=\"800\" \/>\n\t<meta property=\"og:image:type\" content=\"image\/png\" \/>\n<meta name=\"twitter:card\" content=\"summary_large_image\" \/>\n<meta name=\"twitter:label1\" content=\"Temps estimat de lectura\" \/>\n\t<meta name=\"twitter:data1\" content=\"2 minuts\" \/>\n<script type=\"application\/ld+json\" class=\"yoast-schema-graph\">{\"@context\":\"https:\\\/\\\/schema.org\",\"@graph\":[{\"@type\":\"WebPage\",\"@id\":\"https:\\\/\\\/new.dinamicaballet.com\\\/ca\\\/producto\\\/pack-2-miralls-billy\\\/\",\"url\":\"https:\\\/\\\/new.dinamicaballet.com\\\/ca\\\/producto\\\/pack-2-miralls-billy\\\/\",\"name\":\"Pack de dos miralls de dansa amb rodes Billy | Dinamica Ballet\",\"isPartOf\":{\"@id\":\"https:\\\/\\\/new.dinamicaballet.com\\\/ca\\\/#website\"},\"primaryImageOfPage\":{\"@id\":\"https:\\\/\\\/new.dinamicaballet.com\\\/ca\\\/producto\\\/pack-2-miralls-billy\\\/#primaryimage\"},\"image\":{\"@id\":\"https:\\\/\\\/new.dinamicaballet.com\\\/ca\\\/producto\\\/pack-2-miralls-billy\\\/#primaryimage\"},\"thumbnailUrl\":\"https:\\\/\\\/new.dinamicaballet.com\\\/wp-content\\\/uploads\\\/2023\\\/02\\\/Pack-2-Billy.png\",\"datePublished\":\"2023-02-07T16:06:07+00:00\",\"dateModified\":\"2024-09-25T12:44:33+00:00\",\"description\":\"Compra dos miralls amb rodes Billy d'alta seguretat amb rodes per a professionals i un reflex perfecte que ofereix gran flexibilitat a les aules.\",\"inLanguage\":\"ca\",\"potentialAction\":[{\"@type\":\"ReadAction\",\"target\":[\"https:\\\/\\\/new.dinamicaballet.com\\\/ca\\\/producto\\\/pack-2-miralls-billy\\\/\"]}]},{\"@type\":\"ImageObject\",\"inLanguage\":\"ca\",\"@id\":\"https:\\\/\\\/new.dinamicaballet.com\\\/ca\\\/producto\\\/pack-2-miralls-billy\\\/#primaryimage\",\"url\":\"https:\\\/\\\/new.dinamicaballet.com\\\/wp-content\\\/uploads\\\/2023\\\/02\\\/Pack-2-Billy.png\",\"contentUrl\":\"https:\\\/\\\/new.dinamicaballet.com\\\/wp-content\\\/uploads\\\/2023\\\/02\\\/Pack-2-Billy.png\",\"width\":600,\"height\":800},{\"@type\":\"WebSite\",\"@id\":\"https:\\\/\\\/new.dinamicaballet.com\\\/ca\\\/#website\",\"url\":\"https:\\\/\\\/new.dinamicaballet.com\\\/ca\\\/\",\"name\":\"Dinamica Ballet\",\"description\":\"Especialistas en barras de ballet y espejos para la danza\",\"publisher\":{\"@id\":\"https:\\\/\\\/new.dinamicaballet.com\\\/ca\\\/#organization\"},\"potentialAction\":[{\"@type\":\"SearchAction\",\"target\":{\"@type\":\"EntryPoint\",\"urlTemplate\":\"https:\\\/\\\/new.dinamicaballet.com\\\/ca\\\/?s={search_term_string}\"},\"query-input\":{\"@type\":\"PropertyValueSpecification\",\"valueRequired\":true,\"valueName\":\"search_term_string\"}}],\"inLanguage\":\"ca\"},{\"@type\":\"Organization\",\"@id\":\"https:\\\/\\\/new.dinamicaballet.com\\\/ca\\\/#organization\",\"name\":\"Dinamica Ballet\",\"url\":\"https:\\\/\\\/new.dinamicaballet.com\\\/ca\\\/\",\"logo\":{\"@type\":\"ImageObject\",\"inLanguage\":\"ca\",\"@id\":\"https:\\\/\\\/new.dinamicaballet.com\\\/ca\\\/#\\\/schema\\\/logo\\\/image\\\/\",\"url\":\"https:\\\/\\\/new.dinamicaballet.com\\\/wp-content\\\/uploads\\\/2022\\\/03\\\/logo_dinamica_ballet.svg\",\"contentUrl\":\"https:\\\/\\\/new.dinamicaballet.com\\\/wp-content\\\/uploads\\\/2022\\\/03\\\/logo_dinamica_ballet.svg\",\"width\":284,\"height\":51,\"caption\":\"Dinamica Ballet\"},\"image\":{\"@id\":\"https:\\\/\\\/new.dinamicaballet.com\\\/ca\\\/#\\\/schema\\\/logo\\\/image\\\/\"},\"sameAs\":[\"https:\\\/\\\/www.facebook.com\\\/dinamicaballet\",\"https:\\\/\\\/www.instagram.com\\\/dinamicaballet\\\/\",\"http:\\\/\\\/www.linkedin.com\\\/company\\\/dinamica-ballet\",\"https:\\\/\\\/www.pinterest.com\\\/DinamicaBallet\\\/\"]}]}<\/script>\n<!-- \/ Yoast SEO plugin. -->","yoast_head_json":{"title":"Pack de dos miralls de dansa amb rodes Billy | Dinamica Ballet","description":"Compra dos miralls amb rodes Billy d'alta seguretat amb rodes per a professionals i un reflex perfecte que ofereix gran flexibilitat a les aules.","robots":{"index":"noindex","follow":"follow","max-snippet":"max-snippet:-1","max-image-preview":"max-image-preview:large","max-video-preview":"max-video-preview:-1"},"og_locale":"ca_ES","og_type":"article","og_title":"Pack de dos miralls de dansa amb rodes Billy | Dinamica Ballet","og_description":"Compra dos miralls amb rodes Billy d'alta seguretat amb rodes per a professionals i un reflex perfecte que ofereix gran flexibilitat a les aules.","og_url":"https:\/\/new.dinamicaballet.com\/ca\/producto\/pack-2-miralls-billy\/","og_site_name":"Dinamica Ballet","article_publisher":"https:\/\/www.facebook.com\/dinamicaballet","article_modified_time":"2024-09-25T12:44:33+00:00","og_image":[{"width":600,"height":800,"url":"https:\/\/new.dinamicaballet.com\/wp-content\/uploads\/2023\/02\/Pack-2-Billy.png","type":"image\/png"}],"twitter_card":"summary_large_image","twitter_misc":{"Temps estimat de lectura":"2 minuts"},"schema":{"@context":"https:\/\/schema.org","@graph":[{"@type":"WebPage","@id":"https:\/\/new.dinamicaballet.com\/ca\/producto\/pack-2-miralls-billy\/","url":"https:\/\/new.dinamicaballet.com\/ca\/producto\/pack-2-miralls-billy\/","name":"Pack de dos miralls de dansa amb rodes Billy | Dinamica Ballet","isPartOf":{"@id":"https:\/\/new.dinamicaballet.com\/ca\/#website"},"primaryImageOfPage":{"@id":"https:\/\/new.dinamicaballet.com\/ca\/producto\/pack-2-miralls-billy\/#primaryimage"},"image":{"@id":"https:\/\/new.dinamicaballet.com\/ca\/producto\/pack-2-miralls-billy\/#primaryimage"},"thumbnailUrl":"https:\/\/new.dinamicaballet.com\/wp-content\/uploads\/2023\/02\/Pack-2-Billy.png","datePublished":"2023-02-07T16:06:07+00:00","dateModified":"2024-09-25T12:44:33+00:00","description":"Compra dos miralls amb rodes Billy d'alta seguretat amb rodes per a professionals i un reflex perfecte que ofereix gran flexibilitat a les aules.","inLanguage":"ca","potentialAction":[{"@type":"ReadAction","target":["https:\/\/new.dinamicaballet.com\/ca\/producto\/pack-2-miralls-billy\/"]}]},{"@type":"ImageObject","inLanguage":"ca","@id":"https:\/\/new.dinamicaballet.com\/ca\/producto\/pack-2-miralls-billy\/#primaryimage","url":"https:\/\/new.dinamicaballet.com\/wp-content\/uploads\/2023\/02\/Pack-2-Billy.png","contentUrl":"https:\/\/new.dinamicaballet.com\/wp-content\/uploads\/2023\/02\/Pack-2-Billy.png","width":600,"height":800},{"@type":"WebSite","@id":"https:\/\/new.dinamicaballet.com\/ca\/#website","url":"https:\/\/new.dinamicaballet.com\/ca\/","name":"Dinamica Ballet","description":"Especialistas en barras de ballet y espejos para la danza","publisher":{"@id":"https:\/\/new.dinamicaballet.com\/ca\/#organization"},"potentialAction":[{"@type":"SearchAction","target":{"@type":"EntryPoint","urlTemplate":"https:\/\/new.dinamicaballet.com\/ca\/?s={search_term_string}"},"query-input":{"@type":"PropertyValueSpecification","valueRequired":true,"valueName":"search_term_string"}}],"inLanguage":"ca"},{"@type":"Organization","@id":"https:\/\/new.dinamicaballet.com\/ca\/#organization","name":"Dinamica Ballet","url":"https:\/\/new.dinamicaballet.com\/ca\/","logo":{"@type":"ImageObject","inLanguage":"ca","@id":"https:\/\/new.dinamicaballet.com\/ca\/#\/schema\/logo\/image\/","url":"https:\/\/new.dinamicaballet.com\/wp-content\/uploads\/2022\/03\/logo_dinamica_ballet.svg","contentUrl":"https:\/\/new.dinamicaballet.com\/wp-content\/uploads\/2022\/03\/logo_dinamica_ballet.svg","width":284,"height":51,"caption":"Dinamica Ballet"},"image":{"@id":"https:\/\/new.dinamicaballet.com\/ca\/#\/schema\/logo\/image\/"},"sameAs":["https:\/\/www.facebook.com\/dinamicaballet","https:\/\/www.instagram.com\/dinamicaballet\/","http:\/\/www.linkedin.com\/company\/dinamica-ballet","https:\/\/www.pinterest.com\/DinamicaBallet\/"]}]}},"taxonomy_info":{"product_cat":[{"value":102,"label":"Miralls"}]},"featured_image_src_large":["https:\/\/new.dinamicaballet.com\/wp-content\/uploads\/2023\/02\/Pack-2-Billy.png",600,800,false],"author_info":[],"comment_info":"","_links":{"self":[{"href":"https:\/\/new.dinamicaballet.com\/ca\/wp-json\/wp\/v2\/product\/69153","targetHints":{"allow":["GET"]}}],"collection":[{"href":"https:\/\/new.dinamicaballet.com\/ca\/wp-json\/wp\/v2\/product"}],"about":[{"href":"https:\/\/new.dinamicaballet.com\/ca\/wp-json\/wp\/v2\/types\/product"}],"wp:featuredmedia":[{"embeddable":true,"href":"https:\/\/new.dinamicaballet.com\/ca\/wp-json\/wp\/v2\/media\/69160"}],"wp:attachment":[{"href":"https:\/\/new.dinamicaballet.com\/ca\/wp-json\/wp\/v2\/media?parent=69153"}],"wp:term":[{"taxonomy":"product_brand","embeddable":true,"href":"https:\/\/new.dinamicaballet.com\/ca\/wp-json\/wp\/v2\/product_brand?post=69153"},{"taxonomy":"product_cat","embeddable":true,"href":"https:\/\/new.dinamicaballet.com\/ca\/wp-json\/wp\/v2\/product_cat?post=69153"},{"taxonomy":"product_tag","embeddable":true,"href":"https:\/\/new.dinamicaballet.com\/ca\/wp-json\/wp\/v2\/product_tag?post=69153"}],"curies":[{"name":"wp","href":"https:\/\/api.w.org\/{rel}","templated":true}]}}