{"id":11079,"date":"2022-02-11T09:07:12","date_gmt":"2022-02-11T09:07:12","guid":{"rendered":"https:\/\/www.dinamicaballet.com\/producto\/tapis-de-dansa-reversible-duo\/"},"modified":"2024-09-09T17:04:13","modified_gmt":"2024-09-09T16:04:13","slug":"tapis-de-dansa-reversible","status":"publish","type":"product","link":"https:\/\/new.dinamicaballet.com\/ca\/producto\/tapis-de-dansa-reversible\/","title":{"rendered":"Tap\u00eds de dansa reversible"},"content":{"rendered":"<h3>Dos tapissos en un per a ballarines exigents<\/h3>\n<p>Aquest \u00e9s un tap\u00eds d&#8217;escenari reversible, gris d&#8217;una banda i negre per un altra perqu\u00e8 puguis combinar-ho al teu gust. Desenrotlla el tap\u00eds i fes-lo servir per tots dos costats per a minimitzar el seu desgast i combinar-lo amb els colors del teu espai. El tap\u00eds t\u00e9 un tacte suau i ofereix l&#8217;amortiment i l&#8217;adher\u00e8ncia perfecta per a exercicis de qualsevol disciplina de dansa amb barra de ballet o sense ella. Les dues capes de PVC antilliscants s&#8217;adhereixen a tota mena de s\u00f2ls i si vols assegurar-te fixaci\u00f3 total al terra, pots utilitzar cinta adhesiva d&#8217;una sola cara. Tens el mat en tres mesures per a treballar si ho necessites amb barres de ballet de diferents mesures: 2m x 1m, 2m x 1.5m i 2m x 1.95m.<\/p>\n<h3>Usos:<\/h3>\n<p>Dansa cl\u00e0ssica, dansa contempor\u00e0nia, hip-hop, jazz, balls urbans, balls de percussi\u00f3 (flamenc, claqu\u00e9), balls de sal\u00f3 \/ salsa, aer\u00f2bics \/ zumba, teatre \/ \u00f2pera, exposicions i fires comercials.<\/p>\n<p>&nbsp;<\/p>\n<h3>Materials i pes<\/h3>\n<p>Materials: <span style=\"font-weight: 400;\">Dues capes de PVC antilliscants. Color negre i gris clar 004. Gruix: 1,7 mm<\/span><\/p>\n<p>Pesos:<\/p>\n<ul>\n<li>200 x 100 cm: 4,2kg<\/li>\n<li>200 x 150 cm: 6,3 kg<\/li>\n<li>200 x 195 cm: 8,4 kg<\/li>\n<\/ul>\n<a href=\"https:\/\/new.dinamicaballet.com\" class=\"su-button su-button-style-default\" style=\"color:#006B7C;background-color:#FFF2D5;border-color:#ccc2ab;border-radius:5px\" target=\"_blank\" rel=\"noopener noreferrer\"><span style=\"color:#006B7C;padding:0px 16px;font-size:13px;line-height:26px;border-color:#fff6e2;border-radius:5px;text-shadow:none\"> Descarrega fitxa t\u00e8cnica<\/span><\/a>\n","protected":false},"excerpt":{"rendered":"<p>El tap\u00eds de dansa\u00a0 t&#8217;ofereix l&#8217;amortiment i l&#8217;estabilitat perfecta per a practicar els teus exercicis de dansa. \u00c9s un tap\u00eds d&#8217;escenari reversible fabricat amb dues capes de PVC suaus i antilliscants que et donar\u00e0 total confian\u00e7a fins i tot quan facis moviments amb girs. Disponible en 3 mesures diferents, podr\u00e0s entrenar a casa i portar-lo c\u00f2modament a assajos i gires sigui quina sigui la teva especialitat. Des de la dansa cl\u00e0ssica a l&#8217;hip hop, passant per la contempor\u00e0nia, el jazz o fins i tot danses de percussi\u00f3 com el flamenc o el claqu\u00e9, el mat es convertir\u00e0 en el teu aliat perfecte en els teus assajos.<\/p>\n<p><strong>IVA incl\u00f2s | Transport incl\u00f2s\u00a0<\/strong><\/p>\n","protected":false},"featured_media":62082,"template":"","meta":{"_editorskit_title_hidden":false,"_editorskit_reading_time":0,"_editorskit_is_block_options_detached":false,"_editorskit_block_options_position":"{}","inline_featured_image":false,"_kad_blocks_custom_css":"","_kad_blocks_head_custom_js":"","_kad_blocks_body_custom_js":"","_kad_blocks_footer_custom_js":""},"product_brand":[],"product_cat":[326,105],"product_tag":[],"class_list":{"0":"post-11079","1":"product","2":"type-product","3":"status-publish","4":"has-post-thumbnail","6":"product_cat-accesoris","7":"product_cat-iniciacio-casa","8":"post","9":"with-featured-image","11":"first","12":"instock","13":"taxable","14":"shipping-taxable","15":"purchasable","16":"product-type-variable"},"yoast_head":"<!-- This site is optimized with the Yoast SEO plugin v27.4 - https:\/\/yoast.com\/product\/yoast-seo-wordpress\/ -->\n<title>Tap\u00eds de dansa reversible | Dinamica Ballet<\/title>\n<meta name=\"description\" content=\"Aquest tap\u00eds de danse reversible est\u00e0 disponible en 3 mesures diferents. Podr\u00e0s entrenar a casa i portar-lo c\u00f2modament a assajos.\" \/>\n<meta name=\"robots\" content=\"noindex, follow, max-snippet:-1, max-image-preview:large, max-video-preview:-1\" \/>\n<meta property=\"og:locale\" content=\"ca_ES\" \/>\n<meta property=\"og:type\" content=\"article\" \/>\n<meta property=\"og:title\" content=\"Tap\u00eds de dansa reversible | Dinamica Ballet\" \/>\n<meta property=\"og:description\" content=\"Aquest tap\u00eds de danse reversible est\u00e0 disponible en 3 mesures diferents. Podr\u00e0s entrenar a casa i portar-lo c\u00f2modament a assajos.\" \/>\n<meta property=\"og:url\" content=\"https:\/\/new.dinamicaballet.com\/ca\/producto\/tapis-de-dansa-reversible\/\" \/>\n<meta property=\"og:site_name\" content=\"Dinamica Ballet\" \/>\n<meta property=\"article:publisher\" content=\"https:\/\/www.facebook.com\/dinamicaballet\" \/>\n<meta property=\"article:modified_time\" content=\"2024-09-09T16:04:13+00:00\" \/>\n<meta property=\"og:image\" content=\"https:\/\/new.dinamicaballet.com\/wp-content\/uploads\/2022\/02\/esterilla_dinamica_ballet.jpg\" \/>\n\t<meta property=\"og:image:width\" content=\"600\" \/>\n\t<meta property=\"og:image:height\" content=\"800\" \/>\n\t<meta property=\"og:image:type\" content=\"image\/jpeg\" \/>\n<meta name=\"twitter:card\" content=\"summary_large_image\" \/>\n<meta name=\"twitter:label1\" content=\"Temps estimat de lectura\" \/>\n\t<meta name=\"twitter:data1\" content=\"2 minuts\" \/>\n<script type=\"application\/ld+json\" class=\"yoast-schema-graph\">{\"@context\":\"https:\\\/\\\/schema.org\",\"@graph\":[{\"@type\":\"WebPage\",\"@id\":\"https:\\\/\\\/new.dinamicaballet.com\\\/ca\\\/producto\\\/tapis-de-dansa-reversible\\\/\",\"url\":\"https:\\\/\\\/new.dinamicaballet.com\\\/ca\\\/producto\\\/tapis-de-dansa-reversible\\\/\",\"name\":\"Tap\u00eds de dansa reversible | Dinamica Ballet\",\"isPartOf\":{\"@id\":\"https:\\\/\\\/new.dinamicaballet.com\\\/ca\\\/#website\"},\"primaryImageOfPage\":{\"@id\":\"https:\\\/\\\/new.dinamicaballet.com\\\/ca\\\/producto\\\/tapis-de-dansa-reversible\\\/#primaryimage\"},\"image\":{\"@id\":\"https:\\\/\\\/new.dinamicaballet.com\\\/ca\\\/producto\\\/tapis-de-dansa-reversible\\\/#primaryimage\"},\"thumbnailUrl\":\"https:\\\/\\\/new.dinamicaballet.com\\\/wp-content\\\/uploads\\\/2022\\\/02\\\/esterilla_dinamica_ballet.jpg\",\"datePublished\":\"2022-02-11T09:07:12+00:00\",\"dateModified\":\"2024-09-09T16:04:13+00:00\",\"description\":\"Aquest tap\u00eds de danse reversible est\u00e0 disponible en 3 mesures diferents. Podr\u00e0s entrenar a casa i portar-lo c\u00f2modament a assajos.\",\"inLanguage\":\"ca\",\"potentialAction\":[{\"@type\":\"ReadAction\",\"target\":[\"https:\\\/\\\/new.dinamicaballet.com\\\/ca\\\/producto\\\/tapis-de-dansa-reversible\\\/\"]}]},{\"@type\":\"ImageObject\",\"inLanguage\":\"ca\",\"@id\":\"https:\\\/\\\/new.dinamicaballet.com\\\/ca\\\/producto\\\/tapis-de-dansa-reversible\\\/#primaryimage\",\"url\":\"https:\\\/\\\/new.dinamicaballet.com\\\/wp-content\\\/uploads\\\/2022\\\/02\\\/esterilla_dinamica_ballet.jpg\",\"contentUrl\":\"https:\\\/\\\/new.dinamicaballet.com\\\/wp-content\\\/uploads\\\/2022\\\/02\\\/esterilla_dinamica_ballet.jpg\",\"width\":600,\"height\":800,\"caption\":\"Mat de danza reversible Duo\"},{\"@type\":\"WebSite\",\"@id\":\"https:\\\/\\\/new.dinamicaballet.com\\\/ca\\\/#website\",\"url\":\"https:\\\/\\\/new.dinamicaballet.com\\\/ca\\\/\",\"name\":\"Dinamica Ballet\",\"description\":\"Especialistas en barras de ballet y espejos para la danza\",\"publisher\":{\"@id\":\"https:\\\/\\\/new.dinamicaballet.com\\\/ca\\\/#organization\"},\"potentialAction\":[{\"@type\":\"SearchAction\",\"target\":{\"@type\":\"EntryPoint\",\"urlTemplate\":\"https:\\\/\\\/new.dinamicaballet.com\\\/ca\\\/?s={search_term_string}\"},\"query-input\":{\"@type\":\"PropertyValueSpecification\",\"valueRequired\":true,\"valueName\":\"search_term_string\"}}],\"inLanguage\":\"ca\"},{\"@type\":\"Organization\",\"@id\":\"https:\\\/\\\/new.dinamicaballet.com\\\/ca\\\/#organization\",\"name\":\"Dinamica Ballet\",\"url\":\"https:\\\/\\\/new.dinamicaballet.com\\\/ca\\\/\",\"logo\":{\"@type\":\"ImageObject\",\"inLanguage\":\"ca\",\"@id\":\"https:\\\/\\\/new.dinamicaballet.com\\\/ca\\\/#\\\/schema\\\/logo\\\/image\\\/\",\"url\":\"https:\\\/\\\/new.dinamicaballet.com\\\/wp-content\\\/uploads\\\/2022\\\/03\\\/logo_dinamica_ballet.svg\",\"contentUrl\":\"https:\\\/\\\/new.dinamicaballet.com\\\/wp-content\\\/uploads\\\/2022\\\/03\\\/logo_dinamica_ballet.svg\",\"width\":284,\"height\":51,\"caption\":\"Dinamica Ballet\"},\"image\":{\"@id\":\"https:\\\/\\\/new.dinamicaballet.com\\\/ca\\\/#\\\/schema\\\/logo\\\/image\\\/\"},\"sameAs\":[\"https:\\\/\\\/www.facebook.com\\\/dinamicaballet\",\"https:\\\/\\\/www.instagram.com\\\/dinamicaballet\\\/\",\"http:\\\/\\\/www.linkedin.com\\\/company\\\/dinamica-ballet\",\"https:\\\/\\\/www.pinterest.com\\\/DinamicaBallet\\\/\"]}]}<\/script>\n<!-- \/ Yoast SEO plugin. -->","yoast_head_json":{"title":"Tap\u00eds de dansa reversible | Dinamica Ballet","description":"Aquest tap\u00eds de danse reversible est\u00e0 disponible en 3 mesures diferents. Podr\u00e0s entrenar a casa i portar-lo c\u00f2modament a assajos.","robots":{"index":"noindex","follow":"follow","max-snippet":"max-snippet:-1","max-image-preview":"max-image-preview:large","max-video-preview":"max-video-preview:-1"},"og_locale":"ca_ES","og_type":"article","og_title":"Tap\u00eds de dansa reversible | Dinamica Ballet","og_description":"Aquest tap\u00eds de danse reversible est\u00e0 disponible en 3 mesures diferents. Podr\u00e0s entrenar a casa i portar-lo c\u00f2modament a assajos.","og_url":"https:\/\/new.dinamicaballet.com\/ca\/producto\/tapis-de-dansa-reversible\/","og_site_name":"Dinamica Ballet","article_publisher":"https:\/\/www.facebook.com\/dinamicaballet","article_modified_time":"2024-09-09T16:04:13+00:00","og_image":[{"width":600,"height":800,"url":"https:\/\/new.dinamicaballet.com\/wp-content\/uploads\/2022\/02\/esterilla_dinamica_ballet.jpg","type":"image\/jpeg"}],"twitter_card":"summary_large_image","twitter_misc":{"Temps estimat de lectura":"2 minuts"},"schema":{"@context":"https:\/\/schema.org","@graph":[{"@type":"WebPage","@id":"https:\/\/new.dinamicaballet.com\/ca\/producto\/tapis-de-dansa-reversible\/","url":"https:\/\/new.dinamicaballet.com\/ca\/producto\/tapis-de-dansa-reversible\/","name":"Tap\u00eds de dansa reversible | Dinamica Ballet","isPartOf":{"@id":"https:\/\/new.dinamicaballet.com\/ca\/#website"},"primaryImageOfPage":{"@id":"https:\/\/new.dinamicaballet.com\/ca\/producto\/tapis-de-dansa-reversible\/#primaryimage"},"image":{"@id":"https:\/\/new.dinamicaballet.com\/ca\/producto\/tapis-de-dansa-reversible\/#primaryimage"},"thumbnailUrl":"https:\/\/new.dinamicaballet.com\/wp-content\/uploads\/2022\/02\/esterilla_dinamica_ballet.jpg","datePublished":"2022-02-11T09:07:12+00:00","dateModified":"2024-09-09T16:04:13+00:00","description":"Aquest tap\u00eds de danse reversible est\u00e0 disponible en 3 mesures diferents. Podr\u00e0s entrenar a casa i portar-lo c\u00f2modament a assajos.","inLanguage":"ca","potentialAction":[{"@type":"ReadAction","target":["https:\/\/new.dinamicaballet.com\/ca\/producto\/tapis-de-dansa-reversible\/"]}]},{"@type":"ImageObject","inLanguage":"ca","@id":"https:\/\/new.dinamicaballet.com\/ca\/producto\/tapis-de-dansa-reversible\/#primaryimage","url":"https:\/\/new.dinamicaballet.com\/wp-content\/uploads\/2022\/02\/esterilla_dinamica_ballet.jpg","contentUrl":"https:\/\/new.dinamicaballet.com\/wp-content\/uploads\/2022\/02\/esterilla_dinamica_ballet.jpg","width":600,"height":800,"caption":"Mat de danza reversible Duo"},{"@type":"WebSite","@id":"https:\/\/new.dinamicaballet.com\/ca\/#website","url":"https:\/\/new.dinamicaballet.com\/ca\/","name":"Dinamica Ballet","description":"Especialistas en barras de ballet y espejos para la danza","publisher":{"@id":"https:\/\/new.dinamicaballet.com\/ca\/#organization"},"potentialAction":[{"@type":"SearchAction","target":{"@type":"EntryPoint","urlTemplate":"https:\/\/new.dinamicaballet.com\/ca\/?s={search_term_string}"},"query-input":{"@type":"PropertyValueSpecification","valueRequired":true,"valueName":"search_term_string"}}],"inLanguage":"ca"},{"@type":"Organization","@id":"https:\/\/new.dinamicaballet.com\/ca\/#organization","name":"Dinamica Ballet","url":"https:\/\/new.dinamicaballet.com\/ca\/","logo":{"@type":"ImageObject","inLanguage":"ca","@id":"https:\/\/new.dinamicaballet.com\/ca\/#\/schema\/logo\/image\/","url":"https:\/\/new.dinamicaballet.com\/wp-content\/uploads\/2022\/03\/logo_dinamica_ballet.svg","contentUrl":"https:\/\/new.dinamicaballet.com\/wp-content\/uploads\/2022\/03\/logo_dinamica_ballet.svg","width":284,"height":51,"caption":"Dinamica Ballet"},"image":{"@id":"https:\/\/new.dinamicaballet.com\/ca\/#\/schema\/logo\/image\/"},"sameAs":["https:\/\/www.facebook.com\/dinamicaballet","https:\/\/www.instagram.com\/dinamicaballet\/","http:\/\/www.linkedin.com\/company\/dinamica-ballet","https:\/\/www.pinterest.com\/DinamicaBallet\/"]}]}},"taxonomy_info":{"product_cat":[{"value":326,"label":"Accesoris"},{"value":105,"label":"Iniciaci\u00f3\/casa"}]},"featured_image_src_large":["https:\/\/new.dinamicaballet.com\/wp-content\/uploads\/2022\/02\/esterilla_dinamica_ballet.jpg",600,800,false],"author_info":[],"comment_info":"","_links":{"self":[{"href":"https:\/\/new.dinamicaballet.com\/ca\/wp-json\/wp\/v2\/product\/11079","targetHints":{"allow":["GET"]}}],"collection":[{"href":"https:\/\/new.dinamicaballet.com\/ca\/wp-json\/wp\/v2\/product"}],"about":[{"href":"https:\/\/new.dinamicaballet.com\/ca\/wp-json\/wp\/v2\/types\/product"}],"wp:featuredmedia":[{"embeddable":true,"href":"https:\/\/new.dinamicaballet.com\/ca\/wp-json\/wp\/v2\/media\/62082"}],"wp:attachment":[{"href":"https:\/\/new.dinamicaballet.com\/ca\/wp-json\/wp\/v2\/media?parent=11079"}],"wp:term":[{"taxonomy":"product_brand","embeddable":true,"href":"https:\/\/new.dinamicaballet.com\/ca\/wp-json\/wp\/v2\/product_brand?post=11079"},{"taxonomy":"product_cat","embeddable":true,"href":"https:\/\/new.dinamicaballet.com\/ca\/wp-json\/wp\/v2\/product_cat?post=11079"},{"taxonomy":"product_tag","embeddable":true,"href":"https:\/\/new.dinamicaballet.com\/ca\/wp-json\/wp\/v2\/product_tag?post=11079"}],"curies":[{"name":"wp","href":"https:\/\/api.w.org\/{rel}","templated":true}]}}