{"id":11250,"date":"2022-02-14T11:11:38","date_gmt":"2022-02-14T11:11:38","guid":{"rendered":"https:\/\/www.dinamicaballet.com\/?page_id=11250"},"modified":"2022-07-06T17:57:31","modified_gmt":"2022-07-06T16:57:31","slug":"condicions-generals","status":"publish","type":"page","link":"https:\/\/new.dinamicaballet.com\/ca\/condicions-generals\/","title":{"rendered":"Condicions generals"},"content":{"rendered":"\n<h2 class=\"wp-block-heading\">Datos del titular<\/h2>\n\n\n\n<p><strong>DINAMICA COMPLEMENTS S.L<\/strong><br>CIF: B63387237<br>C.\/ Llull, 51-53 5o 3a &#8211; 08005 Barcelona<\/p>\n\n\n\n<h2 class=\"wp-block-heading\">Pol\u00edtica de devoluciones\/anulaciones<\/h2>\n\n\n\n<div style=\"height:50px\" aria-hidden=\"true\" class=\"wp-block-spacer\"><\/div>\n\n\n\n<p>Si por cualquier raz\u00f3n no est\u00e1 satisfecho con su compra, puede devolver los productos en un plazo m\u00e1ximo de 14 d\u00edas naturales y recibir\u00e1 el reembolso del 100% del importe. Deber\u00e1 contactar con nuestro servicio de atenci\u00f3n al cliente en\u00a0comercial@dinamicaballet.com\u00a0y recibir el n\u00famero de autorizaci\u00f3n de devoluci\u00f3n. El art\u00edculo(s) devuelto debe estar en perfectas condiciones, sin abrir, con todo el empaquetado y la documentaci\u00f3n original. Los gastos de env\u00edo de la devoluci\u00f3n corren a cargo del comprador, as\u00ed como impuestos de importaci\u00f3n en el caso que los hubiesen.<\/p>\n\n\n\n<p>Si recibe un art\u00edculo incorrecto (es decir, un producto diferente del especificado en la confirmaci\u00f3n de su pedido), por favor p\u00f3ngase en contacto con nuestro servicio de atenci\u00f3n al cliente en comercial@dinamicaballet.com. Dinamica Ballet ofrecer\u00e1 un reemplazo inmediato con el art\u00edculo correcto y asumir\u00e1 todos los gastos de env\u00edo.<\/p>\n\n\n\n<p>Si tras realizar el pedido quiere agregar o cancelar alg\u00fan art\u00edculo o bien cancelar la totalidad del pedido, por favor env\u00edenos un correo electr\u00f3nico con la referencia de su pedido a comercial@dinamicaballet.com, antes de las 9.30am (GMT + 1) del d\u00eda siguiente a realizar la compra. Haremos lo posible para realizar los cambios y proceder a la tramitaci\u00f3n y el env\u00edo durante el mismo d\u00eda.<\/p>\n\n\n\n<p>Le informaremos por correo electr\u00f3nico en el caso que alg\u00fan art\u00edculo adquirido no est\u00e9 disponible en stock o la entrega se retrase por razones varias. Cuando realice el pedido en nuestra web le confirmaremos la aceptaci\u00f3n de \u00e9ste mediante correo electr\u00f3nico.<\/p>\n\n\n\n<div style=\"height:50px\" aria-hidden=\"true\" class=\"wp-block-spacer\"><\/div>\n\n\n\n<h2 class=\"wp-block-heading\">Garant\u00eda<\/h2>\n\n\n\n<p>Por un per\u00edodo de 12 meses tras la fecha de entrega, Din\u00e1mica Ballet garantiza el reembolso o la reposici\u00f3n del producto s\u00f3lo en caso de defectos de fabricaci\u00f3n. Deber\u00e1 contactar con nuestro servicio de atenci\u00f3n al cliente en\u00a0comercial@dinamicaballet.com\u00a0e informar y documentar los defectos observados. Din\u00e1mica Ballet habiendo verificado los defectos expuestos, aceptar\u00e1 proceder al reembolso o la reposici\u00f3n de los productos comprados, asumiendo asimismo los gastos de env\u00edo.<\/p>\n\n\n\n<p>Los defectos o desperfectos debidos a una incorrecta utilizaci\u00f3n o manipulaci\u00f3n del material o los desgastes producidos por un uso normal del mismo, no se incluyen en esta garant\u00eda.<\/p>\n\n\n\n<p>En caso de que su pedido se entregara da\u00f1ado, por favor no acepte el env\u00edo o pida al servicio de mensajer\u00eda que confirme y deje por escrito el da\u00f1o. Los servicios de mensajer\u00eda y transporte no aceptan reclamaciones por da\u00f1os posteriores a la entrega, por lo tanto Dinamica Ballet no podr\u00e1 compensar al cliente directamente en caso que esto ocurra.<\/p>\n\n\n\n<div style=\"height:50px\" aria-hidden=\"true\" class=\"wp-block-spacer\"><\/div>\n\n\n\n<h2 class=\"wp-block-heading\">T\u00e9rminos y condiciones de compra<\/h2>\n\n\n\n<p>Todos los precios expuestos de nuestros productos de venta on-line incluyen el IVA. En relaci\u00f3n al Impuesto sobre el Valor A\u00f1adido, como regla general se aplicar\u00e1 el tipo impositivo del 21% para el territorio de la Uni\u00f3n Europea donde es de aplicaci\u00f3n este impuesto. Quedar\u00e1n exentos de pagar este impuesto todas aquellas empresas pertenecientes a pa\u00edses de la Uni\u00f3n Europea exceptuando Espa\u00f1a y que est\u00e9n dados de alta como operador intracomunitario. En la venta a cualquier otro pa\u00eds del mundo no se repercutir\u00e1 IVA, no obstante los sistemas aduaneros de cada pa\u00eds aplicar\u00e1n las cargas impositivas correspondientes que deber\u00e1n ser pagados en destino por el comprador.<\/p>\n\n\n\n<p>Debido a su especial r\u00e9gimen fiscal, son considerados territorios extracomunitarios los \u00e1mbitos geogr\u00e1ficos correspondientes a Canarias, Ceuta y Melilla. Por lo tanto, las compras realizadas por residentes de estos territorios est\u00e1n exentas del pago del IVA (los gastos del despacho de aduanas y los impuestos de importaci\u00f3n no est\u00e1n incluidos en el precio del art\u00edculo ni en el del env\u00edo, y deber\u00e1n ser pagados en destino por el receptor de la mercanc\u00eda).<\/p>\n\n\n\n<p>Por lo general, estos cargos son pagados por la compa\u00f1\u00eda de transporte importadora y se facturan posteriormente al destinatario tras la entrega del env\u00edo. Dinamica Ballet no podr\u00e1 procesar las devoluciones de los pedidos que no puedan entregarse por no haberse abonado las tasas de aduanas por parte del cliente.<\/p>\n\n\n\n<div style=\"height:50px\" aria-hidden=\"true\" class=\"wp-block-spacer\"><\/div>\n\n\n\n<h2 class=\"wp-block-heading\">Formas de pago<\/h2>\n\n\n\n<p>Dinamica Ballet acepta las siguientes formas de pago: Visa, Mastercard ,PayPal y transferencia bancaria. Los env\u00edos son tramitados desde nuestro almac\u00e9n de Barcelona. Si no se indica lo contrario, todos los art\u00edculos mostrados en nuestra tienda online est\u00e1n en stock y los pedidos ser\u00e1n procesados durante el siguiente d\u00eda h\u00e1bil tras realizar el pedido.<\/p>\n\n\n\n<div style=\"height:50px\" aria-hidden=\"true\" class=\"wp-block-spacer\"><\/div>\n\n\n\n<h2 class=\"wp-block-heading\">Plazos de entrega<\/h2>\n\n\n\n<p>Est\u00e1ndar: de 3 a 7 d\u00edas laborables<\/p>\n","protected":false},"excerpt":{"rendered":"<p>Datos del titular DINAMICA COMPLEMENTS S.LCIF: B63387237C.\/ Llull, 51-53 5o 3a &#8211; 08005 Barcelona Pol\u00edtica de devoluciones\/anulaciones Si por cualquier raz\u00f3n no est\u00e1 satisfecho con su compra, puede devolver los productos en un plazo m\u00e1ximo de 14 d\u00edas naturales y recibir\u00e1 el reembolso del 100% del importe. Deber\u00e1 contactar con nuestro servicio de atenci\u00f3n al &hellip;<\/p>\n","protected":false},"author":1,"featured_media":0,"parent":0,"menu_order":0,"comment_status":"closed","ping_status":"closed","template":"templates\/template-builder.php","meta":{"_editorskit_title_hidden":false,"_editorskit_reading_time":3,"_editorskit_is_block_options_detached":false,"_editorskit_block_options_position":"{}","inline_featured_image":false,"_kad_blocks_custom_css":"","_kad_blocks_head_custom_js":"","_kad_blocks_body_custom_js":"","_kad_blocks_footer_custom_js":"","footnotes":""},"class_list":["post-11250","page","type-page","status-publish","hentry","post","without-featured-image"],"yoast_head":"<!-- This site is optimized with the Yoast SEO plugin v27.4 - https:\/\/yoast.com\/product\/yoast-seo-wordpress\/ -->\n<title>Condicions generals - Dinamica Ballet<\/title>\n<meta name=\"robots\" content=\"noindex, follow, max-snippet:-1, max-image-preview:large, max-video-preview:-1\" \/>\n<meta property=\"og:locale\" content=\"ca_ES\" \/>\n<meta property=\"og:type\" content=\"article\" \/>\n<meta property=\"og:title\" content=\"Condicions generals - Dinamica Ballet\" \/>\n<meta property=\"og:description\" content=\"Datos del titular DINAMICA COMPLEMENTS S.LCIF: B63387237C.\/ Llull, 51-53 5o 3a &#8211; 08005 Barcelona Pol\u00edtica de devoluciones\/anulaciones Si por cualquier raz\u00f3n no est\u00e1 satisfecho con su compra, puede devolver los productos en un plazo m\u00e1ximo de 14 d\u00edas naturales y recibir\u00e1 el reembolso del 100% del importe. Deber\u00e1 contactar con nuestro servicio de atenci\u00f3n al &hellip;\" \/>\n<meta property=\"og:url\" content=\"https:\/\/new.dinamicaballet.com\/ca\/condicions-generals\/\" \/>\n<meta property=\"og:site_name\" content=\"Dinamica Ballet\" \/>\n<meta property=\"article:publisher\" content=\"https:\/\/www.facebook.com\/dinamicaballet\" \/>\n<meta property=\"article:modified_time\" content=\"2022-07-06T16:57:31+00:00\" \/>\n<meta name=\"twitter:card\" content=\"summary_large_image\" \/>\n<meta name=\"twitter:label1\" content=\"Temps estimat de lectura\" \/>\n\t<meta name=\"twitter:data1\" content=\"4 minuts\" \/>\n<script type=\"application\/ld+json\" class=\"yoast-schema-graph\">{\"@context\":\"https:\\\/\\\/schema.org\",\"@graph\":[{\"@type\":\"WebPage\",\"@id\":\"https:\\\/\\\/new.dinamicaballet.com\\\/ca\\\/condicions-generals\\\/\",\"url\":\"https:\\\/\\\/new.dinamicaballet.com\\\/ca\\\/condicions-generals\\\/\",\"name\":\"Condicions generals - Dinamica Ballet\",\"isPartOf\":{\"@id\":\"https:\\\/\\\/new.dinamicaballet.com\\\/ca\\\/#website\"},\"datePublished\":\"2022-02-14T11:11:38+00:00\",\"dateModified\":\"2022-07-06T16:57:31+00:00\",\"inLanguage\":\"ca\",\"potentialAction\":[{\"@type\":\"ReadAction\",\"target\":[\"https:\\\/\\\/new.dinamicaballet.com\\\/ca\\\/condicions-generals\\\/\"]}]},{\"@type\":\"WebSite\",\"@id\":\"https:\\\/\\\/new.dinamicaballet.com\\\/ca\\\/#website\",\"url\":\"https:\\\/\\\/new.dinamicaballet.com\\\/ca\\\/\",\"name\":\"Dinamica Ballet\",\"description\":\"Especialistas en barras de ballet y espejos para la danza\",\"publisher\":{\"@id\":\"https:\\\/\\\/new.dinamicaballet.com\\\/ca\\\/#organization\"},\"potentialAction\":[{\"@type\":\"SearchAction\",\"target\":{\"@type\":\"EntryPoint\",\"urlTemplate\":\"https:\\\/\\\/new.dinamicaballet.com\\\/ca\\\/?s={search_term_string}\"},\"query-input\":{\"@type\":\"PropertyValueSpecification\",\"valueRequired\":true,\"valueName\":\"search_term_string\"}}],\"inLanguage\":\"ca\"},{\"@type\":\"Organization\",\"@id\":\"https:\\\/\\\/new.dinamicaballet.com\\\/ca\\\/#organization\",\"name\":\"Dinamica Ballet\",\"url\":\"https:\\\/\\\/new.dinamicaballet.com\\\/ca\\\/\",\"logo\":{\"@type\":\"ImageObject\",\"inLanguage\":\"ca\",\"@id\":\"https:\\\/\\\/new.dinamicaballet.com\\\/ca\\\/#\\\/schema\\\/logo\\\/image\\\/\",\"url\":\"https:\\\/\\\/new.dinamicaballet.com\\\/wp-content\\\/uploads\\\/2022\\\/03\\\/logo_dinamica_ballet.svg\",\"contentUrl\":\"https:\\\/\\\/new.dinamicaballet.com\\\/wp-content\\\/uploads\\\/2022\\\/03\\\/logo_dinamica_ballet.svg\",\"width\":284,\"height\":51,\"caption\":\"Dinamica Ballet\"},\"image\":{\"@id\":\"https:\\\/\\\/new.dinamicaballet.com\\\/ca\\\/#\\\/schema\\\/logo\\\/image\\\/\"},\"sameAs\":[\"https:\\\/\\\/www.facebook.com\\\/dinamicaballet\",\"https:\\\/\\\/www.instagram.com\\\/dinamicaballet\\\/\",\"http:\\\/\\\/www.linkedin.com\\\/company\\\/dinamica-ballet\",\"https:\\\/\\\/www.pinterest.com\\\/DinamicaBallet\\\/\"]}]}<\/script>\n<!-- \/ Yoast SEO plugin. -->","yoast_head_json":{"title":"Condicions generals - Dinamica Ballet","robots":{"index":"noindex","follow":"follow","max-snippet":"max-snippet:-1","max-image-preview":"max-image-preview:large","max-video-preview":"max-video-preview:-1"},"og_locale":"ca_ES","og_type":"article","og_title":"Condicions generals - Dinamica Ballet","og_description":"Datos del titular DINAMICA COMPLEMENTS S.LCIF: B63387237C.\/ Llull, 51-53 5o 3a &#8211; 08005 Barcelona Pol\u00edtica de devoluciones\/anulaciones Si por cualquier raz\u00f3n no est\u00e1 satisfecho con su compra, puede devolver los productos en un plazo m\u00e1ximo de 14 d\u00edas naturales y recibir\u00e1 el reembolso del 100% del importe. Deber\u00e1 contactar con nuestro servicio de atenci\u00f3n al &hellip;","og_url":"https:\/\/new.dinamicaballet.com\/ca\/condicions-generals\/","og_site_name":"Dinamica Ballet","article_publisher":"https:\/\/www.facebook.com\/dinamicaballet","article_modified_time":"2022-07-06T16:57:31+00:00","twitter_card":"summary_large_image","twitter_misc":{"Temps estimat de lectura":"4 minuts"},"schema":{"@context":"https:\/\/schema.org","@graph":[{"@type":"WebPage","@id":"https:\/\/new.dinamicaballet.com\/ca\/condicions-generals\/","url":"https:\/\/new.dinamicaballet.com\/ca\/condicions-generals\/","name":"Condicions generals - Dinamica Ballet","isPartOf":{"@id":"https:\/\/new.dinamicaballet.com\/ca\/#website"},"datePublished":"2022-02-14T11:11:38+00:00","dateModified":"2022-07-06T16:57:31+00:00","inLanguage":"ca","potentialAction":[{"@type":"ReadAction","target":["https:\/\/new.dinamicaballet.com\/ca\/condicions-generals\/"]}]},{"@type":"WebSite","@id":"https:\/\/new.dinamicaballet.com\/ca\/#website","url":"https:\/\/new.dinamicaballet.com\/ca\/","name":"Dinamica Ballet","description":"Especialistas en barras de ballet y espejos para la danza","publisher":{"@id":"https:\/\/new.dinamicaballet.com\/ca\/#organization"},"potentialAction":[{"@type":"SearchAction","target":{"@type":"EntryPoint","urlTemplate":"https:\/\/new.dinamicaballet.com\/ca\/?s={search_term_string}"},"query-input":{"@type":"PropertyValueSpecification","valueRequired":true,"valueName":"search_term_string"}}],"inLanguage":"ca"},{"@type":"Organization","@id":"https:\/\/new.dinamicaballet.com\/ca\/#organization","name":"Dinamica Ballet","url":"https:\/\/new.dinamicaballet.com\/ca\/","logo":{"@type":"ImageObject","inLanguage":"ca","@id":"https:\/\/new.dinamicaballet.com\/ca\/#\/schema\/logo\/image\/","url":"https:\/\/new.dinamicaballet.com\/wp-content\/uploads\/2022\/03\/logo_dinamica_ballet.svg","contentUrl":"https:\/\/new.dinamicaballet.com\/wp-content\/uploads\/2022\/03\/logo_dinamica_ballet.svg","width":284,"height":51,"caption":"Dinamica Ballet"},"image":{"@id":"https:\/\/new.dinamicaballet.com\/ca\/#\/schema\/logo\/image\/"},"sameAs":["https:\/\/www.facebook.com\/dinamicaballet","https:\/\/www.instagram.com\/dinamicaballet\/","http:\/\/www.linkedin.com\/company\/dinamica-ballet","https:\/\/www.pinterest.com\/DinamicaBallet\/"]}]}},"taxonomy_info":[],"featured_image_src_large":false,"author_info":{"display_name":false,"author_link":"https:\/\/new.dinamicaballet.com\/ca\/author\/ideadmin\/"},"comment_info":0,"featured_image_src":null,"featured_image_src_square":null,"_links":{"self":[{"href":"https:\/\/new.dinamicaballet.com\/ca\/wp-json\/wp\/v2\/pages\/11250","targetHints":{"allow":["GET"]}}],"collection":[{"href":"https:\/\/new.dinamicaballet.com\/ca\/wp-json\/wp\/v2\/pages"}],"about":[{"href":"https:\/\/new.dinamicaballet.com\/ca\/wp-json\/wp\/v2\/types\/page"}],"author":[{"embeddable":true,"href":"https:\/\/new.dinamicaballet.com\/ca\/wp-json\/wp\/v2\/users\/1"}],"replies":[{"embeddable":true,"href":"https:\/\/new.dinamicaballet.com\/ca\/wp-json\/wp\/v2\/comments?post=11250"}],"version-history":[{"count":5,"href":"https:\/\/new.dinamicaballet.com\/ca\/wp-json\/wp\/v2\/pages\/11250\/revisions"}],"predecessor-version":[{"id":64552,"href":"https:\/\/new.dinamicaballet.com\/ca\/wp-json\/wp\/v2\/pages\/11250\/revisions\/64552"}],"wp:attachment":[{"href":"https:\/\/new.dinamicaballet.com\/ca\/wp-json\/wp\/v2\/media?parent=11250"}],"curies":[{"name":"wp","href":"https:\/\/api.w.org\/{rel}","templated":true}]}}